{"id":339,"date":"2024-06-18T12:57:33","date_gmt":"2024-06-18T12:57:33","guid":{"rendered":"https:\/\/adric12.sg-host.com\/industria-farmaceutica-copy\/"},"modified":"2024-11-12T10:47:41","modified_gmt":"2024-11-12T09:47:41","slug":"serializacion-farmaceutica","status":"publish","type":"page","link":"https:\/\/pdgconsultant.com\/en\/serializacion-farmaceutica\/","title":{"rendered":"Pharmaceutical serialization"},"content":{"rendered":"<div data-elementor-type=\"wp-page\" data-elementor-id=\"339\" class=\"elementor elementor-339\" data-elementor-post-type=\"page\">\n\t\t\t\t<div class=\"elementor-element elementor-element-eb0b89a e-flex e-con-boxed e-con e-parent\" data-id=\"eb0b89a\" data-element_type=\"container\" data-e-type=\"container\" data-settings=\"{&quot;background_background&quot;:&quot;classic&quot;}\">\n\t\t\t\t\t<div class=\"e-con-inner\">\n\t\t\t\t<div class=\"elementor-element elementor-element-e5114cc elementor-widget elementor-widget-heading\" data-id=\"e5114cc\" data-element_type=\"widget\" data-e-type=\"widget\" data-widget_type=\"heading.default\">\n\t\t\t\t<div class=\"elementor-widget-container\">\n\t\t\t\t\t<h1 class=\"elementor-heading-title elementor-size-default\">Pharmaceutical serialization<\/h1>\t\t\t\t<\/div>\n\t\t\t\t<\/div>\n\t\t\t\t\t<\/div>\n\t\t\t\t<\/div>\n\t\t<div class=\"elementor-element elementor-element-9cbd55d e-flex e-con-boxed e-con e-parent\" data-id=\"9cbd55d\" data-element_type=\"container\" data-e-type=\"container\">\n\t\t\t\t\t<div class=\"e-con-inner\">\n\t\t<div class=\"elementor-element elementor-element-b64b3be e-con-full e-flex e-con e-child\" data-id=\"b64b3be\" data-element_type=\"container\" data-e-type=\"container\" data-settings=\"{&quot;background_background&quot;:&quot;classic&quot;}\">\n\t\t\t\t<\/div>\n\t\t<div class=\"elementor-element elementor-element-6884a48 e-con-full e-flex e-con e-child\" data-id=\"6884a48\" data-element_type=\"container\" data-e-type=\"container\">\n\t\t\t\t<div class=\"elementor-element elementor-element-4253813 elementor-widget elementor-widget-heading\" data-id=\"4253813\" data-element_type=\"widget\" data-e-type=\"widget\" data-widget_type=\"heading.default\">\n\t\t\t\t<div class=\"elementor-widget-container\">\n\t\t\t\t\t<h2 class=\"elementor-heading-title elementor-size-default\">Serialization solutions for drug safety and traceability<\/h2>\t\t\t\t<\/div>\n\t\t\t\t<\/div>\n\t\t\t\t<div class=\"elementor-element elementor-element-e65f9f9 elementor-widget elementor-widget-text-editor\" data-id=\"e65f9f9\" data-element_type=\"widget\" data-e-type=\"widget\" data-widget_type=\"text-editor.default\">\n\t\t\t\t<div class=\"elementor-widget-container\">\n\t\t\t\t\t\t\t\t\t<p><span style=\"font-weight: 400;\">In the pharmaceutical industry, serialization is a crucial process to ensure product integrity and traceability. Implementing serialization systems not only combats drug counterfeiting, but also improves supply chain management and ensures compliance with global regulations.<\/span><\/p><p><b>Traceability of Ingredients and Finished Products:<\/b><span style=\"font-weight: 400;\"> We offer solutions that enable traceability from raw ingredients to finished products. This ensures the safety, efficacy and regulatory compliance of medicines throughout the entire supply chain.<\/span><\/p><p><b>Real-Time Monitoring of the Cold Chain:<\/b><span style=\"font-weight: 400;\"> Our real-time monitoring technology ensures that pharmaceutical products requiring specific temperature conditions are maintained in a controlled environment throughout the distribution process.<\/span><\/p><p><b>Regulatory Compliance Management:<\/b><span style=\"font-weight: 400;\"> Our compliance solutions are the most comprehensive in the industry, allowing you to report to all global government agencies to ensure your business is compliant anywhere in the world.<\/span><\/p><p><b>Predictive Analysis:<\/b><span style=\"font-weight: 400;\"> We use predictive analytics to anticipate and resolve potential supply chain issues, improving operational efficiency and reducing risk.<\/span><\/p>\t\t\t\t\t\t\t\t<\/div>\n\t\t\t\t<\/div>\n\t\t\t\t<\/div>\n\t\t\t\t\t<\/div>\n\t\t\t\t<\/div>\n\t\t<div class=\"elementor-element elementor-element-4145b33 e-con-full e-flex e-con e-parent\" data-id=\"4145b33\" data-element_type=\"container\" data-e-type=\"container\" data-settings=\"{&quot;background_background&quot;:&quot;classic&quot;}\">\n\t\t\t\t<div class=\"elementor-element elementor-element-2fd5602 elementor-widget elementor-widget-heading\" data-id=\"2fd5602\" data-element_type=\"widget\" data-e-type=\"widget\" data-widget_type=\"heading.default\">\n\t\t\t\t<div class=\"elementor-widget-container\">\n\t\t\t\t\t<h2 class=\"elementor-heading-title elementor-size-default\">Transform your Pharmaceutical Supply Chain<\/h2>\t\t\t\t<\/div>\n\t\t\t\t<\/div>\n\t\t\t\t<div class=\"elementor-element elementor-element-e33e470 elementor-widget__width-initial elementor-widget elementor-widget-text-editor\" data-id=\"e33e470\" data-element_type=\"widget\" data-e-type=\"widget\" data-widget_type=\"text-editor.default\">\n\t\t\t\t<div class=\"elementor-widget-container\">\n\t\t\t\t\t\t\t\t\t<p>At PDG Consultant, we are committed to taking your business to the next level with advanced digital solutions. Ready to optimize your efficiency and ensure regulatory compliance?<\/p>\t\t\t\t\t\t\t\t<\/div>\n\t\t\t\t<\/div>\n\t\t\t\t<div class=\"elementor-element elementor-element-1c036de elementor-widget elementor-widget-button\" data-id=\"1c036de\" data-element_type=\"widget\" data-e-type=\"widget\" data-widget_type=\"button.default\">\n\t\t\t\t<div class=\"elementor-widget-container\">\n\t\t\t\t\t\t\t\t\t<div class=\"elementor-button-wrapper\">\n\t\t\t\t\t<a class=\"elementor-button elementor-button-link elementor-size-sm\" href=\"http:\/\/tnw.6ed.myftpupload.com\/contacto\/\">\n\t\t\t\t\t\t<span class=\"elementor-button-content-wrapper\">\n\t\t\t\t\t\t\t\t\t<span class=\"elementor-button-text\">Contact<\/span>\n\t\t\t\t\t<\/span>\n\t\t\t\t\t<\/a>\n\t\t\t\t<\/div>\n\t\t\t\t\t\t\t\t<\/div>\n\t\t\t\t<\/div>\n\t\t\t\t<\/div>\n\t\t<div class=\"elementor-element elementor-element-690855b e-flex e-con-boxed e-con e-parent\" data-id=\"690855b\" data-element_type=\"container\" data-e-type=\"container\">\n\t\t\t\t\t<div class=\"e-con-inner\">\n\t\t<div class=\"elementor-element elementor-element-a2aec17 e-con-full e-flex e-con e-child\" data-id=\"a2aec17\" data-element_type=\"container\" data-e-type=\"container\">\n\t\t\t\t<div class=\"elementor-element elementor-element-b9509cd elementor-widget elementor-widget-heading\" data-id=\"b9509cd\" data-element_type=\"widget\" data-e-type=\"widget\" data-widget_type=\"heading.default\">\n\t\t\t\t<div class=\"elementor-widget-container\">\n\t\t\t\t\t<h2 class=\"elementor-heading-title elementor-size-default\">Key components of pharmaceutical serialization\n<\/h2>\t\t\t\t<\/div>\n\t\t\t\t<\/div>\n\t\t\t\t<div class=\"elementor-element elementor-element-95b3731 elementor-widget elementor-widget-text-editor\" data-id=\"95b3731\" data-element_type=\"widget\" data-e-type=\"widget\" data-widget_type=\"text-editor.default\">\n\t\t\t\t<div class=\"elementor-widget-container\">\n\t\t\t\t\t\t\t\t\t<p><b>Serialization:<\/b><span style=\"font-weight: 400;\"> We assign unique identifiers to individual products and\/or packages, providing a protected and unique identity to each item. This makes it easy to accurately identify and track products at all times.<\/span><\/p><p><b>Aggregation:<\/b><span style=\"font-weight: 400;\"> We integrate serialized products into larger units such as boxes and pallets. Each added unit receives a code containing detailed information about the products inside, thus improving efficiency in inventory management and tracking.<\/span><\/p><p><b>Traceability:<\/b><span style=\"font-weight: 400;\"> We create an indelible provenance for every ingredient and finished product. This allows supply chain actors to verify the safety, efficacy, legitimacy and regulatory compliance of products at every stage of the process.<\/span><\/p><h3><b>Global Compliance<\/b><\/h3><p><span style=\"font-weight: 400;\">In an increasingly complex regulatory environment, our serialization and traceability solutions ensure your company meets compliance requirements in any global market. From DataMatrix and GTIN labeling to GS1 standards implementation, we are prepared to meet the regulatory demands of any country.<\/span><\/p><p><b>Examples of Regulatory Compliance:<\/b><\/p><ul><li style=\"font-weight: 400;\" aria-level=\"1\"><b>USA:<\/b><span style=\"font-weight: 400;\"> Compliant with FDA and GS1 standards for full traceability.<\/span><\/li><li style=\"font-weight: 400;\" aria-level=\"1\"><b>Europe:<\/b><span style=\"font-weight: 400;\"> DataMatrix implementation and compliance with EU FMD directive.<\/span><\/li><li style=\"font-weight: 400;\" aria-level=\"1\"><b>China:<\/b><span style=\"font-weight: 400;\"> Using eCode and GS1 codes for detailed tracking.<\/span><\/li><\/ul><p><span style=\"font-weight: 400;\">Our services range from initial assessment and needs analysis, to strategy development, solution implementation, ongoing support, training, and compliance audits. With our solutions, your company will be equipped to meet the challenges of pharmaceutical serialization effectively and securely.<\/span><\/p><p><script src=\"moz-extension:\/\/2316755c-ab8d-40ae-b827-97143bbf612c\/js\/app.js\" type=\"text\/javascript\"><\/script><\/p>\t\t\t\t\t\t\t\t<\/div>\n\t\t\t\t<\/div>\n\t\t\t\t<\/div>\n\t\t<div class=\"elementor-element elementor-element-73a64c1 e-con-full e-flex e-con e-child\" data-id=\"73a64c1\" data-element_type=\"container\" data-e-type=\"container\" data-settings=\"{&quot;background_background&quot;:&quot;classic&quot;}\">\n\t\t\t\t<\/div>\n\t\t\t\t\t<\/div>\n\t\t\t\t<\/div>\n\t\t\t\t<\/div>","protected":false},"excerpt":{"rendered":"<p>Serializaci\u00f3n farmac\u00e9utica Soluciones de serializaci\u00f3n para la seguridad y trazabilidad de los medicamentos En la industria farmac\u00e9utica, la serializaci\u00f3n es un proceso crucial para asegurar la integridad y la trazabilidad de los productos. Implementar sistemas de serializaci\u00f3n no solo combate la falsificaci\u00f3n de medicamentos, sino que tambi\u00e9n mejora la gesti\u00f3n de la cadena de suministro [&hellip;]<\/p>\n","protected":false},"author":4,"featured_media":105,"parent":0,"menu_order":0,"comment_status":"closed","ping_status":"closed","template":"","meta":{"footnotes":""},"class_list":["post-339","page","type-page","status-publish","has-post-thumbnail","hentry"],"yoast_head":"<!-- This site is optimized with the Yoast SEO plugin v27.5 - https:\/\/yoast.com\/product\/yoast-seo-wordpress\/ -->\n<title>Serializaci\u00f3n farmac\u00e9utica - PGD Consultant<\/title>\n<meta name=\"description\" content=\"En nuestra industria , la serializaci\u00f3n farmac\u00e9utica es un proceso crucial para asegurar la integridad y la trazabilidad de los productos.\" \/>\n<meta name=\"robots\" content=\"index, follow, max-snippet:-1, max-image-preview:large, max-video-preview:-1\" \/>\n<link rel=\"canonical\" href=\"https:\/\/pdgconsultant.com\/en\/serializacion-farmaceutica\/\" \/>\n<meta property=\"og:locale\" content=\"en_GB\" \/>\n<meta property=\"og:type\" content=\"article\" \/>\n<meta property=\"og:title\" content=\"Serializaci\u00f3n farmac\u00e9utica - PGD Consultant\" \/>\n<meta property=\"og:description\" content=\"En nuestra industria , la serializaci\u00f3n farmac\u00e9utica es un proceso crucial para asegurar la integridad y la trazabilidad de los productos.\" \/>\n<meta property=\"og:url\" content=\"https:\/\/pdgconsultant.com\/en\/serializacion-farmaceutica\/\" \/>\n<meta property=\"og:site_name\" content=\"PGD Consultant\" \/>\n<meta property=\"article:modified_time\" content=\"2024-11-12T09:47:41+00:00\" \/>\n<meta property=\"og:image\" content=\"https:\/\/pdgconsultant.com\/wp-content\/uploads\/2024\/06\/Soluciones-digitales-para-la-industria-farmaceutica-6.jpg\" \/>\n\t<meta property=\"og:image:width\" content=\"1920\" \/>\n\t<meta property=\"og:image:height\" content=\"1080\" \/>\n\t<meta property=\"og:image:type\" content=\"image\/jpeg\" \/>\n<meta name=\"twitter:card\" content=\"summary_large_image\" \/>\n<meta name=\"twitter:label1\" content=\"Estimated reading time\" \/>\n\t<meta name=\"twitter:data1\" content=\"3 minutes\" \/>\n<script type=\"application\/ld+json\" class=\"yoast-schema-graph\">{\"@context\":\"https:\\\/\\\/schema.org\",\"@graph\":[{\"@type\":\"WebPage\",\"@id\":\"https:\\\/\\\/pdgconsultant.com\\\/serializacion-farmaceutica\\\/\",\"url\":\"https:\\\/\\\/pdgconsultant.com\\\/serializacion-farmaceutica\\\/\",\"name\":\"Serializaci\u00f3n farmac\u00e9utica - PGD Consultant\",\"isPartOf\":{\"@id\":\"https:\\\/\\\/pdgconsultant.com\\\/#website\"},\"primaryImageOfPage\":{\"@id\":\"https:\\\/\\\/pdgconsultant.com\\\/serializacion-farmaceutica\\\/#primaryimage\"},\"image\":{\"@id\":\"https:\\\/\\\/pdgconsultant.com\\\/serializacion-farmaceutica\\\/#primaryimage\"},\"thumbnailUrl\":\"https:\\\/\\\/pdgconsultant.com\\\/wp-content\\\/uploads\\\/2024\\\/06\\\/Soluciones-digitales-para-la-industria-farmaceutica-6.jpg\",\"datePublished\":\"2024-06-18T12:57:33+00:00\",\"dateModified\":\"2024-11-12T09:47:41+00:00\",\"description\":\"En nuestra industria , la serializaci\u00f3n farmac\u00e9utica es un proceso crucial para asegurar la integridad y la trazabilidad de los productos.\",\"breadcrumb\":{\"@id\":\"https:\\\/\\\/pdgconsultant.com\\\/serializacion-farmaceutica\\\/#breadcrumb\"},\"inLanguage\":\"en-GB\",\"potentialAction\":[{\"@type\":\"ReadAction\",\"target\":[\"https:\\\/\\\/pdgconsultant.com\\\/serializacion-farmaceutica\\\/\"]}]},{\"@type\":\"ImageObject\",\"inLanguage\":\"en-GB\",\"@id\":\"https:\\\/\\\/pdgconsultant.com\\\/serializacion-farmaceutica\\\/#primaryimage\",\"url\":\"https:\\\/\\\/pdgconsultant.com\\\/wp-content\\\/uploads\\\/2024\\\/06\\\/Soluciones-digitales-para-la-industria-farmaceutica-6.jpg\",\"contentUrl\":\"https:\\\/\\\/pdgconsultant.com\\\/wp-content\\\/uploads\\\/2024\\\/06\\\/Soluciones-digitales-para-la-industria-farmaceutica-6.jpg\",\"width\":1920,\"height\":1080,\"caption\":\"seerializacion farmaceutica soluciones asesoria\"},{\"@type\":\"BreadcrumbList\",\"@id\":\"https:\\\/\\\/pdgconsultant.com\\\/serializacion-farmaceutica\\\/#breadcrumb\",\"itemListElement\":[{\"@type\":\"ListItem\",\"position\":1,\"name\":\"Home\",\"item\":\"https:\\\/\\\/pdgconsultant.com\\\/\"},{\"@type\":\"ListItem\",\"position\":2,\"name\":\"Serializaci\u00f3n farmac\u00e9utica\"}]},{\"@type\":\"WebSite\",\"@id\":\"https:\\\/\\\/pdgconsultant.com\\\/#website\",\"url\":\"https:\\\/\\\/pdgconsultant.com\\\/\",\"name\":\"PGD Consultant\",\"description\":\"\",\"publisher\":{\"@id\":\"https:\\\/\\\/pdgconsultant.com\\\/#organization\"},\"potentialAction\":[{\"@type\":\"SearchAction\",\"target\":{\"@type\":\"EntryPoint\",\"urlTemplate\":\"https:\\\/\\\/pdgconsultant.com\\\/?s={search_term_string}\"},\"query-input\":{\"@type\":\"PropertyValueSpecification\",\"valueRequired\":true,\"valueName\":\"search_term_string\"}}],\"inLanguage\":\"en-GB\"},{\"@type\":\"Organization\",\"@id\":\"https:\\\/\\\/pdgconsultant.com\\\/#organization\",\"name\":\"PGD Consultant\",\"url\":\"https:\\\/\\\/pdgconsultant.com\\\/\",\"logo\":{\"@type\":\"ImageObject\",\"inLanguage\":\"en-GB\",\"@id\":\"https:\\\/\\\/pdgconsultant.com\\\/#\\\/schema\\\/logo\\\/image\\\/\",\"url\":\"https:\\\/\\\/pdgconsultant.com\\\/wp-content\\\/uploads\\\/2024\\\/06\\\/Screenshot-2024-06-13-10.59.24.png\",\"contentUrl\":\"https:\\\/\\\/pdgconsultant.com\\\/wp-content\\\/uploads\\\/2024\\\/06\\\/Screenshot-2024-06-13-10.59.24.png\",\"width\":671,\"height\":560,\"caption\":\"PGD Consultant\"},\"image\":{\"@id\":\"https:\\\/\\\/pdgconsultant.com\\\/#\\\/schema\\\/logo\\\/image\\\/\"}}]}<\/script>\n<!-- \/ Yoast SEO plugin. -->","yoast_head_json":{"title":"Serializaci\u00f3n farmac\u00e9utica - PGD Consultant","description":"En nuestra industria , la serializaci\u00f3n farmac\u00e9utica es un proceso crucial para asegurar la integridad y la trazabilidad de los productos.","robots":{"index":"index","follow":"follow","max-snippet":"max-snippet:-1","max-image-preview":"max-image-preview:large","max-video-preview":"max-video-preview:-1"},"canonical":"https:\/\/pdgconsultant.com\/en\/serializacion-farmaceutica\/","og_locale":"en_GB","og_type":"article","og_title":"Serializaci\u00f3n farmac\u00e9utica - PGD Consultant","og_description":"En nuestra industria , la serializaci\u00f3n farmac\u00e9utica es un proceso crucial para asegurar la integridad y la trazabilidad de los productos.","og_url":"https:\/\/pdgconsultant.com\/en\/serializacion-farmaceutica\/","og_site_name":"PGD Consultant","article_modified_time":"2024-11-12T09:47:41+00:00","og_image":[{"width":1920,"height":1080,"url":"https:\/\/pdgconsultant.com\/wp-content\/uploads\/2024\/06\/Soluciones-digitales-para-la-industria-farmaceutica-6.jpg","type":"image\/jpeg"}],"twitter_card":"summary_large_image","twitter_misc":{"Estimated reading time":"3 minutes"},"schema":{"@context":"https:\/\/schema.org","@graph":[{"@type":"WebPage","@id":"https:\/\/pdgconsultant.com\/serializacion-farmaceutica\/","url":"https:\/\/pdgconsultant.com\/serializacion-farmaceutica\/","name":"Serializaci\u00f3n farmac\u00e9utica - PGD Consultant","isPartOf":{"@id":"https:\/\/pdgconsultant.com\/#website"},"primaryImageOfPage":{"@id":"https:\/\/pdgconsultant.com\/serializacion-farmaceutica\/#primaryimage"},"image":{"@id":"https:\/\/pdgconsultant.com\/serializacion-farmaceutica\/#primaryimage"},"thumbnailUrl":"https:\/\/pdgconsultant.com\/wp-content\/uploads\/2024\/06\/Soluciones-digitales-para-la-industria-farmaceutica-6.jpg","datePublished":"2024-06-18T12:57:33+00:00","dateModified":"2024-11-12T09:47:41+00:00","description":"En nuestra industria , la serializaci\u00f3n farmac\u00e9utica es un proceso crucial para asegurar la integridad y la trazabilidad de los productos.","breadcrumb":{"@id":"https:\/\/pdgconsultant.com\/serializacion-farmaceutica\/#breadcrumb"},"inLanguage":"en-GB","potentialAction":[{"@type":"ReadAction","target":["https:\/\/pdgconsultant.com\/serializacion-farmaceutica\/"]}]},{"@type":"ImageObject","inLanguage":"en-GB","@id":"https:\/\/pdgconsultant.com\/serializacion-farmaceutica\/#primaryimage","url":"https:\/\/pdgconsultant.com\/wp-content\/uploads\/2024\/06\/Soluciones-digitales-para-la-industria-farmaceutica-6.jpg","contentUrl":"https:\/\/pdgconsultant.com\/wp-content\/uploads\/2024\/06\/Soluciones-digitales-para-la-industria-farmaceutica-6.jpg","width":1920,"height":1080,"caption":"seerializacion farmaceutica soluciones asesoria"},{"@type":"BreadcrumbList","@id":"https:\/\/pdgconsultant.com\/serializacion-farmaceutica\/#breadcrumb","itemListElement":[{"@type":"ListItem","position":1,"name":"Home","item":"https:\/\/pdgconsultant.com\/"},{"@type":"ListItem","position":2,"name":"Serializaci\u00f3n farmac\u00e9utica"}]},{"@type":"WebSite","@id":"https:\/\/pdgconsultant.com\/#website","url":"https:\/\/pdgconsultant.com\/","name":"PGD Consultant","description":"","publisher":{"@id":"https:\/\/pdgconsultant.com\/#organization"},"potentialAction":[{"@type":"SearchAction","target":{"@type":"EntryPoint","urlTemplate":"https:\/\/pdgconsultant.com\/?s={search_term_string}"},"query-input":{"@type":"PropertyValueSpecification","valueRequired":true,"valueName":"search_term_string"}}],"inLanguage":"en-GB"},{"@type":"Organization","@id":"https:\/\/pdgconsultant.com\/#organization","name":"PGD Consultant","url":"https:\/\/pdgconsultant.com\/","logo":{"@type":"ImageObject","inLanguage":"en-GB","@id":"https:\/\/pdgconsultant.com\/#\/schema\/logo\/image\/","url":"https:\/\/pdgconsultant.com\/wp-content\/uploads\/2024\/06\/Screenshot-2024-06-13-10.59.24.png","contentUrl":"https:\/\/pdgconsultant.com\/wp-content\/uploads\/2024\/06\/Screenshot-2024-06-13-10.59.24.png","width":671,"height":560,"caption":"PGD Consultant"},"image":{"@id":"https:\/\/pdgconsultant.com\/#\/schema\/logo\/image\/"}}]}},"_links":{"self":[{"href":"https:\/\/pdgconsultant.com\/en\/wp-json\/wp\/v2\/pages\/339","targetHints":{"allow":["GET"]}}],"collection":[{"href":"https:\/\/pdgconsultant.com\/en\/wp-json\/wp\/v2\/pages"}],"about":[{"href":"https:\/\/pdgconsultant.com\/en\/wp-json\/wp\/v2\/types\/page"}],"author":[{"embeddable":true,"href":"https:\/\/pdgconsultant.com\/en\/wp-json\/wp\/v2\/users\/4"}],"replies":[{"embeddable":true,"href":"https:\/\/pdgconsultant.com\/en\/wp-json\/wp\/v2\/comments?post=339"}],"version-history":[{"count":31,"href":"https:\/\/pdgconsultant.com\/en\/wp-json\/wp\/v2\/pages\/339\/revisions"}],"predecessor-version":[{"id":918,"href":"https:\/\/pdgconsultant.com\/en\/wp-json\/wp\/v2\/pages\/339\/revisions\/918"}],"wp:featuredmedia":[{"embeddable":true,"href":"https:\/\/pdgconsultant.com\/en\/wp-json\/wp\/v2\/media\/105"}],"wp:attachment":[{"href":"https:\/\/pdgconsultant.com\/en\/wp-json\/wp\/v2\/media?parent=339"}],"curies":[{"name":"wp","href":"https:\/\/api.w.org\/{rel}","templated":true}]}}