{"id":218,"date":"2024-06-13T19:18:08","date_gmt":"2024-06-13T19:18:08","guid":{"rendered":"https:\/\/pdgconsultant.com\/aviso-legal-copy\/"},"modified":"2024-06-13T19:18:47","modified_gmt":"2024-06-13T19:18:47","slug":"politica-de-privacidad","status":"publish","type":"page","link":"https:\/\/pdgconsultant.com\/en\/politica-de-privacidad\/","title":{"rendered":"Privacy Policy"},"content":{"rendered":"<div data-elementor-type=\"wp-page\" data-elementor-id=\"218\" class=\"elementor elementor-218\" data-elementor-post-type=\"page\">\n\t\t\t\t<div class=\"elementor-element elementor-element-5601222 e-flex e-con-boxed e-con e-parent\" data-id=\"5601222\" data-element_type=\"container\" data-e-type=\"container\" data-settings=\"{&quot;background_background&quot;:&quot;classic&quot;}\">\n\t\t\t\t\t<div class=\"e-con-inner\">\n\t\t\t\t<div class=\"elementor-element elementor-element-71b830a elementor-widget elementor-widget-heading\" data-id=\"71b830a\" data-element_type=\"widget\" data-e-type=\"widget\" data-widget_type=\"heading.default\">\n\t\t\t\t<div class=\"elementor-widget-container\">\n\t\t\t\t\t<h1 class=\"elementor-heading-title elementor-size-default\">Privacy Policy<\/h1>\t\t\t\t<\/div>\n\t\t\t\t<\/div>\n\t\t\t\t\t<\/div>\n\t\t\t\t<\/div>\n\t\t<div class=\"elementor-element elementor-element-73f973c e-flex e-con-boxed e-con e-parent\" data-id=\"73f973c\" data-element_type=\"container\" data-e-type=\"container\">\n\t\t\t\t\t<div class=\"e-con-inner\">\n\t\t\t\t<div class=\"elementor-element elementor-element-5ea7f9b elementor-widget elementor-widget-text-editor\" data-id=\"5ea7f9b\" data-element_type=\"widget\" data-e-type=\"widget\" data-widget_type=\"text-editor.default\">\n\t\t\t\t<div class=\"elementor-widget-container\">\n\t\t\t\t\t\t\t\t\t<p><strong>1.- INFORMATION TO THE USER<\/strong><\/p><p>The website informs users of its policy regarding the processing and protection of personal data of users and customers that may be requested when browsing its website.<\/p><p>The website is responsible for the processing of the user&#039;s personal data, and therefore provides the following information regarding the processing of your data:<\/p><p><strong>Data retention criteria:<\/strong> The personal data provided will be retained until the interested party requests its suspension, exercising his\/her rights over the data, and in any case in compliance with the legal limitation periods applicable to him\/her.<\/p><p><strong>Rights of interested parties:<\/strong><\/p><ul><li>Right to withdraw your consent at any time.<\/li><li>Right to access, rectification, deletion, portability of your data and to limit or oppose its processing, as well as not being subject to automated individual decisions.<\/li><\/ul><p><strong>Contact details to exercise your rights:<\/strong><\/p><p>You must properly identify yourself and clearly request the right to exercise.<\/p><p><strong>Company:<\/strong> PENELOPE MARIA ISABEL DELGADO GUTIERREZ<br \/><strong>NIF:<\/strong> Y5246939D<br \/><strong>Home:<\/strong> C\/ Jeselska, 26<br \/><strong>CP and Population:<\/strong> 08206 Sabadell (Barcelona)<br \/><strong>Phone:<\/strong> 671471517<br \/><strong>Mail:<\/strong> <a rel=\"noreferrer\">info@pdgconsultant.com<\/a><\/p><p><strong>2.- INFORMATION PROVIDED BY THE USER<\/strong><\/p><p>If you are under 18 years of age, you are not permitted to use forms on our website.<\/p><p>By entering their data in the contact forms or in download forms, Users expressly and freely accept that their data are necessary for the Controller to process their request, and the inclusion of data in the remaining fields is voluntary.<\/p><p>The User guarantees that the personal data provided is true and is responsible for communicating any changes.<\/p><p>All data requested through the website are necessary to provide an optimal service to the User. If all data is not provided, there is no guarantee that the information and services provided by the Controller will be completely tailored to your needs.<\/p><p><strong>3.- SECURITY MEASURES<\/strong><\/p><p>That in accordance with the provisions of current regulations on the protection of personal data, the Controller is complying with all the provisions of the GDPR and LOPD regulations for the processing of personal data under its responsibility, which are processed in a lawful, fair and transparent manner in relation to the interested party and are appropriate, relevant and limited to what is necessary in relation to the purposes for which they are processed.<\/p><p>The Controller guarantees that it has implemented appropriate technical and organisational policies to apply the security measures established by the GDPR and the LOPD to protect the rights and freedoms of Users and has communicated to them the appropriate information so that they can exercise them.<\/p><p><strong>4.- SECURITY BREACHES<\/strong><\/p><p>The Controller will inform any security breach affecting the database used by this website, or affecting any of our third-party services, to each and every person, data of whom may have been affected, and authorities, within 72 hours of detecting the breach.<\/p><p><strong>APPLICABLE LEGISLATION AND JURISDICTION<\/strong><\/p><p>For the resolution of all disputes or issues related to this website or the activities carried out therein, Spanish legislation will apply, to which the parties expressly submit, being competent for the resolution of all conflicts derived from or related to the use of the Courts and Tribunals of Barcelona.<\/p>\t\t\t\t\t\t\t\t<\/div>\n\t\t\t\t<\/div>\n\t\t\t\t\t<\/div>\n\t\t\t\t<\/div>\n\t\t\t\t<\/div>","protected":false},"excerpt":{"rendered":"<p>1.- INFORMACI\u00d3N AL USUARIO El sitio web informa a los usuarios del sitio web sobre su pol\u00edtica respecto al tratamiento y protecci\u00f3n de los datos de car\u00e1cter personal de los usuarios y clientes que puedan ser solicitados por la navegaci\u00f3n a trav\u00e9s de su sitio web. El sitio web es el Responsable del tratamiento de [&hellip;]<\/p>\n","protected":false},"author":1,"featured_media":0,"parent":0,"menu_order":0,"comment_status":"closed","ping_status":"closed","template":"","meta":{"footnotes":""},"class_list":["post-218","page","type-page","status-publish","hentry"],"yoast_head":"<!-- This site is optimized with the Yoast SEO plugin v27.5 - https:\/\/yoast.com\/product\/yoast-seo-wordpress\/ -->\n<title>Pol\u00edtica de privacidad - PGD Consultant<\/title>\n<meta name=\"robots\" content=\"index, follow, max-snippet:-1, max-image-preview:large, max-video-preview:-1\" \/>\n<link rel=\"canonical\" href=\"https:\/\/adric12.sg-host.com\/politica-de-privacidad\/\" \/>\n<meta property=\"og:locale\" content=\"en_GB\" \/>\n<meta property=\"og:type\" content=\"article\" \/>\n<meta property=\"og:title\" content=\"Pol\u00edtica de privacidad - PGD Consultant\" \/>\n<meta property=\"og:description\" content=\"1.- INFORMACI\u00d3N AL USUARIO El sitio web informa a los usuarios del sitio web sobre su pol\u00edtica respecto al tratamiento y protecci\u00f3n de los datos de car\u00e1cter personal de los usuarios y clientes que puedan ser solicitados por la navegaci\u00f3n a trav\u00e9s de su sitio web. El sitio web es el Responsable del tratamiento de [&hellip;]\" \/>\n<meta property=\"og:url\" content=\"https:\/\/adric12.sg-host.com\/politica-de-privacidad\/\" \/>\n<meta property=\"og:site_name\" content=\"PGD Consultant\" \/>\n<meta property=\"article:modified_time\" content=\"2024-06-13T19:18:47+00:00\" \/>\n<meta name=\"twitter:card\" content=\"summary_large_image\" \/>\n<meta name=\"twitter:label1\" content=\"Estimated reading time\" \/>\n\t<meta name=\"twitter:data1\" content=\"3 minutes\" \/>\n<script type=\"application\/ld+json\" class=\"yoast-schema-graph\">{\"@context\":\"https:\\\/\\\/schema.org\",\"@graph\":[{\"@type\":\"WebPage\",\"@id\":\"https:\\\/\\\/adric12.sg-host.com\\\/politica-de-privacidad\\\/\",\"url\":\"https:\\\/\\\/adric12.sg-host.com\\\/politica-de-privacidad\\\/\",\"name\":\"Pol\u00edtica de privacidad - PGD Consultant\",\"isPartOf\":{\"@id\":\"https:\\\/\\\/pdgconsultant.com\\\/#website\"},\"datePublished\":\"2024-06-13T19:18:08+00:00\",\"dateModified\":\"2024-06-13T19:18:47+00:00\",\"breadcrumb\":{\"@id\":\"https:\\\/\\\/adric12.sg-host.com\\\/politica-de-privacidad\\\/#breadcrumb\"},\"inLanguage\":\"en-GB\",\"potentialAction\":[{\"@type\":\"ReadAction\",\"target\":[\"https:\\\/\\\/adric12.sg-host.com\\\/politica-de-privacidad\\\/\"]}]},{\"@type\":\"BreadcrumbList\",\"@id\":\"https:\\\/\\\/adric12.sg-host.com\\\/politica-de-privacidad\\\/#breadcrumb\",\"itemListElement\":[{\"@type\":\"ListItem\",\"position\":1,\"name\":\"Home\",\"item\":\"https:\\\/\\\/pdgconsultant.com\\\/\"},{\"@type\":\"ListItem\",\"position\":2,\"name\":\"Pol\u00edtica de privacidad\"}]},{\"@type\":\"WebSite\",\"@id\":\"https:\\\/\\\/pdgconsultant.com\\\/#website\",\"url\":\"https:\\\/\\\/pdgconsultant.com\\\/\",\"name\":\"PGD Consultant\",\"description\":\"\",\"publisher\":{\"@id\":\"https:\\\/\\\/pdgconsultant.com\\\/#organization\"},\"potentialAction\":[{\"@type\":\"SearchAction\",\"target\":{\"@type\":\"EntryPoint\",\"urlTemplate\":\"https:\\\/\\\/pdgconsultant.com\\\/?s={search_term_string}\"},\"query-input\":{\"@type\":\"PropertyValueSpecification\",\"valueRequired\":true,\"valueName\":\"search_term_string\"}}],\"inLanguage\":\"en-GB\"},{\"@type\":\"Organization\",\"@id\":\"https:\\\/\\\/pdgconsultant.com\\\/#organization\",\"name\":\"PGD Consultant\",\"url\":\"https:\\\/\\\/pdgconsultant.com\\\/\",\"logo\":{\"@type\":\"ImageObject\",\"inLanguage\":\"en-GB\",\"@id\":\"https:\\\/\\\/pdgconsultant.com\\\/#\\\/schema\\\/logo\\\/image\\\/\",\"url\":\"https:\\\/\\\/pdgconsultant.com\\\/wp-content\\\/uploads\\\/2024\\\/06\\\/Screenshot-2024-06-13-10.59.24.png\",\"contentUrl\":\"https:\\\/\\\/pdgconsultant.com\\\/wp-content\\\/uploads\\\/2024\\\/06\\\/Screenshot-2024-06-13-10.59.24.png\",\"width\":671,\"height\":560,\"caption\":\"PGD Consultant\"},\"image\":{\"@id\":\"https:\\\/\\\/pdgconsultant.com\\\/#\\\/schema\\\/logo\\\/image\\\/\"}}]}<\/script>\n<!-- \/ Yoast SEO plugin. -->","yoast_head_json":{"title":"Pol\u00edtica de privacidad - PGD Consultant","robots":{"index":"index","follow":"follow","max-snippet":"max-snippet:-1","max-image-preview":"max-image-preview:large","max-video-preview":"max-video-preview:-1"},"canonical":"https:\/\/adric12.sg-host.com\/politica-de-privacidad\/","og_locale":"en_GB","og_type":"article","og_title":"Pol\u00edtica de privacidad - PGD Consultant","og_description":"1.- INFORMACI\u00d3N AL USUARIO El sitio web informa a los usuarios del sitio web sobre su pol\u00edtica respecto al tratamiento y protecci\u00f3n de los datos de car\u00e1cter personal de los usuarios y clientes que puedan ser solicitados por la navegaci\u00f3n a trav\u00e9s de su sitio web. El sitio web es el Responsable del tratamiento de [&hellip;]","og_url":"https:\/\/adric12.sg-host.com\/politica-de-privacidad\/","og_site_name":"PGD Consultant","article_modified_time":"2024-06-13T19:18:47+00:00","twitter_card":"summary_large_image","twitter_misc":{"Estimated reading time":"3 minutes"},"schema":{"@context":"https:\/\/schema.org","@graph":[{"@type":"WebPage","@id":"https:\/\/adric12.sg-host.com\/politica-de-privacidad\/","url":"https:\/\/adric12.sg-host.com\/politica-de-privacidad\/","name":"Pol\u00edtica de privacidad - PGD Consultant","isPartOf":{"@id":"https:\/\/pdgconsultant.com\/#website"},"datePublished":"2024-06-13T19:18:08+00:00","dateModified":"2024-06-13T19:18:47+00:00","breadcrumb":{"@id":"https:\/\/adric12.sg-host.com\/politica-de-privacidad\/#breadcrumb"},"inLanguage":"en-GB","potentialAction":[{"@type":"ReadAction","target":["https:\/\/adric12.sg-host.com\/politica-de-privacidad\/"]}]},{"@type":"BreadcrumbList","@id":"https:\/\/adric12.sg-host.com\/politica-de-privacidad\/#breadcrumb","itemListElement":[{"@type":"ListItem","position":1,"name":"Home","item":"https:\/\/pdgconsultant.com\/"},{"@type":"ListItem","position":2,"name":"Pol\u00edtica de privacidad"}]},{"@type":"WebSite","@id":"https:\/\/pdgconsultant.com\/#website","url":"https:\/\/pdgconsultant.com\/","name":"PGD Consultant","description":"","publisher":{"@id":"https:\/\/pdgconsultant.com\/#organization"},"potentialAction":[{"@type":"SearchAction","target":{"@type":"EntryPoint","urlTemplate":"https:\/\/pdgconsultant.com\/?s={search_term_string}"},"query-input":{"@type":"PropertyValueSpecification","valueRequired":true,"valueName":"search_term_string"}}],"inLanguage":"en-GB"},{"@type":"Organization","@id":"https:\/\/pdgconsultant.com\/#organization","name":"PGD Consultant","url":"https:\/\/pdgconsultant.com\/","logo":{"@type":"ImageObject","inLanguage":"en-GB","@id":"https:\/\/pdgconsultant.com\/#\/schema\/logo\/image\/","url":"https:\/\/pdgconsultant.com\/wp-content\/uploads\/2024\/06\/Screenshot-2024-06-13-10.59.24.png","contentUrl":"https:\/\/pdgconsultant.com\/wp-content\/uploads\/2024\/06\/Screenshot-2024-06-13-10.59.24.png","width":671,"height":560,"caption":"PGD Consultant"},"image":{"@id":"https:\/\/pdgconsultant.com\/#\/schema\/logo\/image\/"}}]}},"_links":{"self":[{"href":"https:\/\/pdgconsultant.com\/en\/wp-json\/wp\/v2\/pages\/218","targetHints":{"allow":["GET"]}}],"collection":[{"href":"https:\/\/pdgconsultant.com\/en\/wp-json\/wp\/v2\/pages"}],"about":[{"href":"https:\/\/pdgconsultant.com\/en\/wp-json\/wp\/v2\/types\/page"}],"author":[{"embeddable":true,"href":"https:\/\/pdgconsultant.com\/en\/wp-json\/wp\/v2\/users\/1"}],"replies":[{"embeddable":true,"href":"https:\/\/pdgconsultant.com\/en\/wp-json\/wp\/v2\/comments?post=218"}],"version-history":[{"count":4,"href":"https:\/\/pdgconsultant.com\/en\/wp-json\/wp\/v2\/pages\/218\/revisions"}],"predecessor-version":[{"id":222,"href":"https:\/\/pdgconsultant.com\/en\/wp-json\/wp\/v2\/pages\/218\/revisions\/222"}],"wp:attachment":[{"href":"https:\/\/pdgconsultant.com\/en\/wp-json\/wp\/v2\/media?parent=218"}],"curies":[{"name":"wp","href":"https:\/\/api.w.org\/{rel}","templated":true}]}}