{"id":77,"date":"2024-06-13T14:43:29","date_gmt":"2024-06-13T14:43:29","guid":{"rendered":"https:\/\/pdgconsultant.com\/?page_id=77"},"modified":"2024-07-31T11:07:50","modified_gmt":"2024-07-31T11:07:50","slug":"industria-farmaceutica","status":"publish","type":"page","link":"https:\/\/pdgconsultant.com\/ca\/industria-farmaceutica\/","title":{"rendered":"Ind\u00fastria farmac\u00e8utica"},"content":{"rendered":"<div data-elementor-type=\"wp-page\" data-elementor-id=\"77\" class=\"elementor elementor-77\" data-elementor-post-type=\"page\">\n\t\t\t\t<div class=\"elementor-element elementor-element-eb0b89a e-flex e-con-boxed e-con e-parent\" data-id=\"eb0b89a\" data-element_type=\"container\" data-e-type=\"container\" data-settings=\"{&quot;background_background&quot;:&quot;classic&quot;}\">\n\t\t\t\t\t<div class=\"e-con-inner\">\n\t\t\t\t<div class=\"elementor-element elementor-element-e5114cc elementor-widget elementor-widget-heading\" data-id=\"e5114cc\" data-element_type=\"widget\" data-e-type=\"widget\" data-widget_type=\"heading.default\">\n\t\t\t\t<div class=\"elementor-widget-container\">\n\t\t\t\t\t<h1 class=\"elementor-heading-title elementor-size-default\">Solucions Digitals per a la Ind\u00fastria Farmac\u00e8utica<\/h1>\t\t\t\t<\/div>\n\t\t\t\t<\/div>\n\t\t\t\t\t<\/div>\n\t\t\t\t<\/div>\n\t\t<div class=\"elementor-element elementor-element-9cbd55d e-flex e-con-boxed e-con e-parent\" data-id=\"9cbd55d\" data-element_type=\"container\" data-e-type=\"container\">\n\t\t\t\t\t<div class=\"e-con-inner\">\n\t\t<div class=\"elementor-element elementor-element-6884a48 e-con-full e-flex e-con e-child\" data-id=\"6884a48\" data-element_type=\"container\" data-e-type=\"container\">\n\t\t\t\t<div class=\"elementor-element elementor-element-4253813 elementor-widget elementor-widget-heading\" data-id=\"4253813\" data-element_type=\"widget\" data-e-type=\"widget\" data-widget_type=\"heading.default\">\n\t\t\t\t<div class=\"elementor-widget-container\">\n\t\t\t\t\t<h2 class=\"elementor-heading-title elementor-size-default\">Ind\u00fastria Farmac\u00e8utica<\/h2>\t\t\t\t<\/div>\n\t\t\t\t<\/div>\n\t\t\t\t<div class=\"elementor-element elementor-element-e65f9f9 elementor-widget elementor-widget-text-editor\" data-id=\"e65f9f9\" data-element_type=\"widget\" data-e-type=\"widget\" data-widget_type=\"text-editor.default\">\n\t\t\t\t<div class=\"elementor-widget-container\">\n\t\t\t\t\t\t\t\t\t<p>La nostra expert\u00edcia des de la implementaci\u00f3 de la serialitzaci\u00f3 farmac\u00e8utica ens permet oferir-vos una soluci\u00f3 personalitzada que s&#039;integra a tota la seva cadena de subministrament. Des del compliment normatiu fins al Track and Trace.<\/p>\t\t\t\t\t\t\t\t<\/div>\n\t\t\t\t<\/div>\n\t\t\t\t<\/div>\n\t\t\t\t\t<\/div>\n\t\t\t\t<\/div>\n\t\t<div class=\"elementor-element elementor-element-4145b33 e-con-full e-flex e-con e-parent\" data-id=\"4145b33\" data-element_type=\"container\" data-e-type=\"container\" data-settings=\"{&quot;background_background&quot;:&quot;classic&quot;}\">\n\t\t\t\t<div class=\"elementor-element elementor-element-2fd5602 elementor-widget elementor-widget-heading\" data-id=\"2fd5602\" data-element_type=\"widget\" data-e-type=\"widget\" data-widget_type=\"heading.default\">\n\t\t\t\t<div class=\"elementor-widget-container\">\n\t\t\t\t\t<h2 class=\"elementor-heading-title elementor-size-default\">Transforma la teva Cadena de Subministrament Farmac\u00e8utica<\/h2>\t\t\t\t<\/div>\n\t\t\t\t<\/div>\n\t\t\t\t<div class=\"elementor-element elementor-element-e33e470 elementor-widget__width-initial elementor-widget elementor-widget-text-editor\" data-id=\"e33e470\" data-element_type=\"widget\" data-e-type=\"widget\" data-widget_type=\"text-editor.default\">\n\t\t\t\t<div class=\"elementor-widget-container\">\n\t\t\t\t\t\t\t\t\t<p>A PDG Consultant, estem compromesos a portar el teu negoci al seg\u00fcent nivell amb solucions digitals avan\u00e7ades. A punt per optimitzar la teva efici\u00e8ncia i assegurar la conformitat regulat\u00f2ria?<\/p><p><script src=\"moz-extension:\/\/2316755c-ab8d-40ae-b827-97143bbf612c\/js\/app.js\" type=\"text\/javascript\"><\/script><\/p>\t\t\t\t\t\t\t\t<\/div>\n\t\t\t\t<\/div>\n\t\t\t\t<div class=\"elementor-element elementor-element-1c036de elementor-widget elementor-widget-button\" data-id=\"1c036de\" data-element_type=\"widget\" data-e-type=\"widget\" data-widget_type=\"button.default\">\n\t\t\t\t<div class=\"elementor-widget-container\">\n\t\t\t\t\t\t\t\t\t<div class=\"elementor-button-wrapper\">\n\t\t\t\t\t<a class=\"elementor-button elementor-button-link elementor-size-sm\" href=\"http:\/\/tnw.6ed.myftpupload.com\/contacto\/\">\n\t\t\t\t\t\t<span class=\"elementor-button-content-wrapper\">\n\t\t\t\t\t\t\t\t\t<span class=\"elementor-button-text\">Contactar<\/span>\n\t\t\t\t\t<\/span>\n\t\t\t\t\t<\/a>\n\t\t\t\t<\/div>\n\t\t\t\t\t\t\t\t<\/div>\n\t\t\t\t<\/div>\n\t\t\t\t<\/div>\n\t\t<div class=\"elementor-element elementor-element-8eda0d1 e-flex e-con-boxed e-con e-parent\" data-id=\"8eda0d1\" data-element_type=\"container\" data-e-type=\"container\" data-settings=\"{&quot;background_background&quot;:&quot;classic&quot;}\">\n\t\t\t\t\t<div class=\"e-con-inner\">\n\t\t\t\t<div class=\"elementor-element elementor-element-3a29a5d elementor-widget elementor-widget-heading\" data-id=\"3a29a5d\" data-element_type=\"widget\" data-e-type=\"widget\" data-widget_type=\"heading.default\">\n\t\t\t\t<div class=\"elementor-widget-container\">\n\t\t\t\t\t<h2 class=\"elementor-heading-title elementor-size-default\">Global Expertice<\/h2>\t\t\t\t<\/div>\n\t\t\t\t<\/div>\n\t\t\t\t<div class=\"elementor-element elementor-element-a3c1ab6 elementor-widget elementor-widget-text-editor\" data-id=\"a3c1ab6\" data-element_type=\"widget\" data-e-type=\"widget\" data-widget_type=\"text-editor.default\">\n\t\t\t\t<div class=\"elementor-widget-container\">\n\t\t\t\t\t\t\t\t\t<p style=\"text-align: start;\"><span style=\"font-family: Montserrat, sans-serif;\">\u00a0Amb m\u00e9s de 7 anys d&#039;experi\u00e8ncia als mercats d&#039;Europa, R\u00fassia, Xina, Uni\u00f3 dels Emirats \u00c0rabs i l&#039;EAEU (Kazakhstan, Uzbekistan, Kirguistan). El nostre equip est\u00e0 especialitzat en la integraci\u00f3 de sistemes de nivell 3, connexions B2B i la interconnexi\u00f3 amb sistemes ERP interns. Aquesta vasta traject\u00f2ria ens permet adaptar solucions a les necessitats espec\u00edfiques i complir els requisits reguladors de cada pa\u00eds.<\/span><\/p>\t\t\t\t\t\t\t\t<\/div>\n\t\t\t\t<\/div>\n\t\t<div class=\"elementor-element elementor-element-39348cc e-con-full e-flex e-con e-child\" data-id=\"39348cc\" data-element_type=\"container\" data-e-type=\"container\">\n\t\t\t\t<div class=\"elementor-element elementor-element-f1538b5 elementor-widget elementor-widget-shortcode\" data-id=\"f1538b5\" data-element_type=\"widget\" data-e-type=\"widget\" data-widget_type=\"shortcode.default\">\n\t\t\t\t<div class=\"elementor-widget-container\">\n\t\t\t\t\t\t\t<div class=\"elementor-shortcode\"><div class=\"map_wrapper\" id=\"map_wrapper_705\">\n<div class=\"map_box\" style=\"max-width:2000px\">\n<div class=\"map_aspect_ratio\" style=\"padding-top:56%\" data-padding-top=\"56%\" data-padding-top-mobile=\"0%\">\n<div class=\"map_container\">\n<div class=\"map_render map_loading\" id=\"map_705\"><\/div>\n<\/div>\n<\/div>\n<\/div>\n<\/div>\n<\/div>\n\t\t\t\t\t\t<\/div>\n\t\t\t\t<\/div>\n\t\t\t\t<\/div>\n\t\t\t\t<div class=\"elementor-element elementor-element-b61fc94 elementor-widget elementor-widget-button\" data-id=\"b61fc94\" data-element_type=\"widget\" data-e-type=\"widget\" data-widget_type=\"button.default\">\n\t\t\t\t<div class=\"elementor-widget-container\">\n\t\t\t\t\t\t\t\t\t<div class=\"elementor-button-wrapper\">\n\t\t\t\t\t<a class=\"elementor-button elementor-button-link elementor-size-sm\" href=\"\/ca\/global-compliance\/\">\n\t\t\t\t\t\t<span class=\"elementor-button-content-wrapper\">\n\t\t\t\t\t\t\t\t\t<span class=\"elementor-button-text\">Saber m\u00e9s<\/span>\n\t\t\t\t\t<\/span>\n\t\t\t\t\t<\/a>\n\t\t\t\t<\/div>\n\t\t\t\t\t\t\t\t<\/div>\n\t\t\t\t<\/div>\n\t\t\t\t\t<\/div>\n\t\t\t\t<\/div>\n\t\t<div class=\"elementor-element elementor-element-690855b e-flex e-con-boxed e-con e-parent\" data-id=\"690855b\" data-element_type=\"container\" data-e-type=\"container\">\n\t\t\t\t\t<div class=\"e-con-inner\">\n\t\t<div class=\"elementor-element elementor-element-a2aec17 e-con-full e-flex e-con e-child\" data-id=\"a2aec17\" data-element_type=\"container\" data-e-type=\"container\">\n\t\t\t\t<div class=\"elementor-element elementor-element-b9509cd elementor-widget elementor-widget-heading\" data-id=\"b9509cd\" data-element_type=\"widget\" data-e-type=\"widget\" data-widget_type=\"heading.default\">\n\t\t\t\t<div class=\"elementor-widget-container\">\n\t\t\t\t\t<h2 class=\"elementor-heading-title elementor-size-default\">Solucions de Serialitzaci\u00f3<\/h2>\t\t\t\t<\/div>\n\t\t\t\t<\/div>\n\t\t\t\t<div class=\"elementor-element elementor-element-95b3731 elementor-widget elementor-widget-text-editor\" data-id=\"95b3731\" data-element_type=\"widget\" data-e-type=\"widget\" data-widget_type=\"text-editor.default\">\n\t\t\t\t<div class=\"elementor-widget-container\">\n\t\t\t\t\t\t\t\t\t<p><span style=\"font-weight: 400;\">La serialitzaci\u00f3 \u00e9s fonamental per assegurar l&#039;autenticitat i la seguretat dels productes farmac\u00e8utics. A PDG Consultant, proporcionem <strong>solucions de serialitzaci\u00f3 que assignen identificadors \u00fanics a productes i paquets individuals<\/strong>, facilitant el seu seguiment i rastreig a tota la cadena de subministrament. La serialitzaci\u00f3 no nom\u00e9s prev\u00e9 la falsificaci\u00f3, sin\u00f3 que tamb\u00e9 assegura la conformitat amb les regulacions internacionals, millorant la confian\u00e7a i seguretat al mercat farmac\u00e8utic.<\/span><\/p>\t\t\t\t\t\t\t\t<\/div>\n\t\t\t\t<\/div>\n\t\t\t\t<\/div>\n\t\t<div class=\"elementor-element elementor-element-73a64c1 e-con-full e-flex e-con e-child\" data-id=\"73a64c1\" data-element_type=\"container\" data-e-type=\"container\" data-settings=\"{&quot;background_background&quot;:&quot;classic&quot;}\">\n\t\t\t\t<\/div>\n\t\t\t\t\t<\/div>\n\t\t\t\t<\/div>\n\t\t\t\t<\/div>","protected":false},"excerpt":{"rendered":"<p>Soluciones Digitales para la Industria Farmac\u00e9utica Industria Farmac\u00e9utica Nuestra experticia desde la implementaci\u00f3n de la serializaci\u00f3n farmac\u00e9utica nos permite ofrecerle una soluci\u00f3n personalizada que se integra a toda su cadena de suministro. Desde el cumplimiento normativo hasta el Track and Trace. Transforma tu Cadena de Suministro Farmac\u00e9utica En PDG Consultant, estamos comprometidos a llevar tu [&hellip;]<\/p>\n","protected":false},"author":1,"featured_media":0,"parent":0,"menu_order":0,"comment_status":"closed","ping_status":"closed","template":"","meta":{"footnotes":""},"class_list":["post-77","page","type-page","status-publish","hentry"],"yoast_head":"<!-- This site is optimized with the Yoast SEO plugin v27.5 - https:\/\/yoast.com\/product\/yoast-seo-wordpress\/ -->\n<title>Industria farmac\u00e9utica - PGD Consultant<\/title>\n<meta name=\"robots\" content=\"index, follow, max-snippet:-1, max-image-preview:large, max-video-preview:-1\" \/>\n<link rel=\"canonical\" href=\"https:\/\/adric12.sg-host.com\/industria-farmaceutica\/\" \/>\n<meta property=\"og:locale\" content=\"ca_ES\" \/>\n<meta property=\"og:type\" content=\"article\" \/>\n<meta property=\"og:title\" content=\"Industria farmac\u00e9utica - PGD Consultant\" \/>\n<meta property=\"og:description\" content=\"Soluciones Digitales para la Industria Farmac\u00e9utica Industria Farmac\u00e9utica Nuestra experticia desde la implementaci\u00f3n de la serializaci\u00f3n farmac\u00e9utica nos permite ofrecerle una soluci\u00f3n personalizada que se integra a toda su cadena de suministro. Desde el cumplimiento normativo hasta el Track and Trace. Transforma tu Cadena de Suministro Farmac\u00e9utica En PDG Consultant, estamos comprometidos a llevar tu [&hellip;]\" \/>\n<meta property=\"og:url\" content=\"https:\/\/adric12.sg-host.com\/industria-farmaceutica\/\" \/>\n<meta property=\"og:site_name\" content=\"PGD Consultant\" \/>\n<meta property=\"article:modified_time\" content=\"2024-07-31T11:07:50+00:00\" \/>\n<meta name=\"twitter:card\" content=\"summary_large_image\" \/>\n<meta name=\"twitter:label1\" content=\"Temps estimat de lectura\" \/>\n\t<meta name=\"twitter:data1\" content=\"1 minut\" \/>\n<script type=\"application\/ld+json\" class=\"yoast-schema-graph\">{\"@context\":\"https:\\\/\\\/schema.org\",\"@graph\":[{\"@type\":\"WebPage\",\"@id\":\"https:\\\/\\\/adric12.sg-host.com\\\/industria-farmaceutica\\\/\",\"url\":\"https:\\\/\\\/adric12.sg-host.com\\\/industria-farmaceutica\\\/\",\"name\":\"Industria farmac\u00e9utica - PGD Consultant\",\"isPartOf\":{\"@id\":\"https:\\\/\\\/pdgconsultant.com\\\/#website\"},\"datePublished\":\"2024-06-13T14:43:29+00:00\",\"dateModified\":\"2024-07-31T11:07:50+00:00\",\"breadcrumb\":{\"@id\":\"https:\\\/\\\/adric12.sg-host.com\\\/industria-farmaceutica\\\/#breadcrumb\"},\"inLanguage\":\"ca\",\"potentialAction\":[{\"@type\":\"ReadAction\",\"target\":[\"https:\\\/\\\/adric12.sg-host.com\\\/industria-farmaceutica\\\/\"]}]},{\"@type\":\"BreadcrumbList\",\"@id\":\"https:\\\/\\\/adric12.sg-host.com\\\/industria-farmaceutica\\\/#breadcrumb\",\"itemListElement\":[{\"@type\":\"ListItem\",\"position\":1,\"name\":\"Home\",\"item\":\"https:\\\/\\\/pdgconsultant.com\\\/\"},{\"@type\":\"ListItem\",\"position\":2,\"name\":\"Industria farmac\u00e9utica\"}]},{\"@type\":\"WebSite\",\"@id\":\"https:\\\/\\\/pdgconsultant.com\\\/#website\",\"url\":\"https:\\\/\\\/pdgconsultant.com\\\/\",\"name\":\"PGD Consultant\",\"description\":\"\",\"publisher\":{\"@id\":\"https:\\\/\\\/pdgconsultant.com\\\/#organization\"},\"potentialAction\":[{\"@type\":\"SearchAction\",\"target\":{\"@type\":\"EntryPoint\",\"urlTemplate\":\"https:\\\/\\\/pdgconsultant.com\\\/?s={search_term_string}\"},\"query-input\":{\"@type\":\"PropertyValueSpecification\",\"valueRequired\":true,\"valueName\":\"search_term_string\"}}],\"inLanguage\":\"ca\"},{\"@type\":\"Organization\",\"@id\":\"https:\\\/\\\/pdgconsultant.com\\\/#organization\",\"name\":\"PGD Consultant\",\"url\":\"https:\\\/\\\/pdgconsultant.com\\\/\",\"logo\":{\"@type\":\"ImageObject\",\"inLanguage\":\"ca\",\"@id\":\"https:\\\/\\\/pdgconsultant.com\\\/#\\\/schema\\\/logo\\\/image\\\/\",\"url\":\"https:\\\/\\\/pdgconsultant.com\\\/wp-content\\\/uploads\\\/2024\\\/06\\\/Screenshot-2024-06-13-10.59.24.png\",\"contentUrl\":\"https:\\\/\\\/pdgconsultant.com\\\/wp-content\\\/uploads\\\/2024\\\/06\\\/Screenshot-2024-06-13-10.59.24.png\",\"width\":671,\"height\":560,\"caption\":\"PGD Consultant\"},\"image\":{\"@id\":\"https:\\\/\\\/pdgconsultant.com\\\/#\\\/schema\\\/logo\\\/image\\\/\"}}]}<\/script>\n<!-- \/ Yoast SEO plugin. -->","yoast_head_json":{"title":"Industria farmac\u00e9utica - PGD Consultant","robots":{"index":"index","follow":"follow","max-snippet":"max-snippet:-1","max-image-preview":"max-image-preview:large","max-video-preview":"max-video-preview:-1"},"canonical":"https:\/\/adric12.sg-host.com\/industria-farmaceutica\/","og_locale":"ca_ES","og_type":"article","og_title":"Industria farmac\u00e9utica - PGD Consultant","og_description":"Soluciones Digitales para la Industria Farmac\u00e9utica Industria Farmac\u00e9utica Nuestra experticia desde la implementaci\u00f3n de la serializaci\u00f3n farmac\u00e9utica nos permite ofrecerle una soluci\u00f3n personalizada que se integra a toda su cadena de suministro. Desde el cumplimiento normativo hasta el Track and Trace. Transforma tu Cadena de Suministro Farmac\u00e9utica En PDG Consultant, estamos comprometidos a llevar tu [&hellip;]","og_url":"https:\/\/adric12.sg-host.com\/industria-farmaceutica\/","og_site_name":"PGD Consultant","article_modified_time":"2024-07-31T11:07:50+00:00","twitter_card":"summary_large_image","twitter_misc":{"Temps estimat de lectura":"1 minut"},"schema":{"@context":"https:\/\/schema.org","@graph":[{"@type":"WebPage","@id":"https:\/\/adric12.sg-host.com\/industria-farmaceutica\/","url":"https:\/\/adric12.sg-host.com\/industria-farmaceutica\/","name":"Industria farmac\u00e9utica - PGD Consultant","isPartOf":{"@id":"https:\/\/pdgconsultant.com\/#website"},"datePublished":"2024-06-13T14:43:29+00:00","dateModified":"2024-07-31T11:07:50+00:00","breadcrumb":{"@id":"https:\/\/adric12.sg-host.com\/industria-farmaceutica\/#breadcrumb"},"inLanguage":"ca","potentialAction":[{"@type":"ReadAction","target":["https:\/\/adric12.sg-host.com\/industria-farmaceutica\/"]}]},{"@type":"BreadcrumbList","@id":"https:\/\/adric12.sg-host.com\/industria-farmaceutica\/#breadcrumb","itemListElement":[{"@type":"ListItem","position":1,"name":"Home","item":"https:\/\/pdgconsultant.com\/"},{"@type":"ListItem","position":2,"name":"Industria farmac\u00e9utica"}]},{"@type":"WebSite","@id":"https:\/\/pdgconsultant.com\/#website","url":"https:\/\/pdgconsultant.com\/","name":"PGD Consultant","description":"","publisher":{"@id":"https:\/\/pdgconsultant.com\/#organization"},"potentialAction":[{"@type":"SearchAction","target":{"@type":"EntryPoint","urlTemplate":"https:\/\/pdgconsultant.com\/?s={search_term_string}"},"query-input":{"@type":"PropertyValueSpecification","valueRequired":true,"valueName":"search_term_string"}}],"inLanguage":"ca"},{"@type":"Organization","@id":"https:\/\/pdgconsultant.com\/#organization","name":"PGD Consultant","url":"https:\/\/pdgconsultant.com\/","logo":{"@type":"ImageObject","inLanguage":"ca","@id":"https:\/\/pdgconsultant.com\/#\/schema\/logo\/image\/","url":"https:\/\/pdgconsultant.com\/wp-content\/uploads\/2024\/06\/Screenshot-2024-06-13-10.59.24.png","contentUrl":"https:\/\/pdgconsultant.com\/wp-content\/uploads\/2024\/06\/Screenshot-2024-06-13-10.59.24.png","width":671,"height":560,"caption":"PGD Consultant"},"image":{"@id":"https:\/\/pdgconsultant.com\/#\/schema\/logo\/image\/"}}]}},"_links":{"self":[{"href":"https:\/\/pdgconsultant.com\/ca\/wp-json\/wp\/v2\/pages\/77","targetHints":{"allow":["GET"]}}],"collection":[{"href":"https:\/\/pdgconsultant.com\/ca\/wp-json\/wp\/v2\/pages"}],"about":[{"href":"https:\/\/pdgconsultant.com\/ca\/wp-json\/wp\/v2\/types\/page"}],"author":[{"embeddable":true,"href":"https:\/\/pdgconsultant.com\/ca\/wp-json\/wp\/v2\/users\/1"}],"replies":[{"embeddable":true,"href":"https:\/\/pdgconsultant.com\/ca\/wp-json\/wp\/v2\/comments?post=77"}],"version-history":[{"count":97,"href":"https:\/\/pdgconsultant.com\/ca\/wp-json\/wp\/v2\/pages\/77\/revisions"}],"predecessor-version":[{"id":763,"href":"https:\/\/pdgconsultant.com\/ca\/wp-json\/wp\/v2\/pages\/77\/revisions\/763"}],"wp:attachment":[{"href":"https:\/\/pdgconsultant.com\/ca\/wp-json\/wp\/v2\/media?parent=77"}],"curies":[{"name":"wp","href":"https:\/\/api.w.org\/{rel}","templated":true}]}}