{"id":363,"date":"2024-06-19T07:09:08","date_gmt":"2024-06-19T07:09:08","guid":{"rendered":"https:\/\/adric12.sg-host.com\/consultoria-it-copy\/"},"modified":"2024-11-12T10:08:00","modified_gmt":"2024-11-12T09:08:00","slug":"quienes-somos","status":"publish","type":"page","link":"https:\/\/pdgconsultant.com\/ca\/quienes-somos\/","title":{"rendered":"Qui som"},"content":{"rendered":"<div data-elementor-type=\"wp-page\" data-elementor-id=\"363\" class=\"elementor elementor-363\" data-elementor-post-type=\"page\">\n\t\t\t\t<div class=\"elementor-element elementor-element-6dd979a e-flex e-con-boxed e-con e-parent\" data-id=\"6dd979a\" data-element_type=\"container\" data-e-type=\"container\" data-settings=\"{&quot;background_background&quot;:&quot;classic&quot;}\">\n\t\t\t\t\t<div class=\"e-con-inner\">\n\t\t\t\t<div class=\"elementor-element elementor-element-6d37107 elementor-widget elementor-widget-heading\" data-id=\"6d37107\" data-element_type=\"widget\" data-e-type=\"widget\" data-widget_type=\"heading.default\">\n\t\t\t\t<div class=\"elementor-widget-container\">\n\t\t\t\t\t<h1 class=\"elementor-heading-title elementor-size-default\">Sobre nosaltres<\/h1>\t\t\t\t<\/div>\n\t\t\t\t<\/div>\n\t\t\t\t\t<\/div>\n\t\t\t\t<\/div>\n\t\t<div class=\"elementor-element elementor-element-2a90005 e-flex e-con-boxed e-con e-parent\" data-id=\"2a90005\" data-element_type=\"container\" data-e-type=\"container\" data-settings=\"{&quot;background_background&quot;:&quot;classic&quot;}\">\n\t\t\t\t\t<div class=\"e-con-inner\">\n\t\t<div class=\"elementor-element elementor-element-055c906 e-flex e-con-boxed e-con e-child\" data-id=\"055c906\" data-element_type=\"container\" data-e-type=\"container\">\n\t\t\t\t\t<div class=\"e-con-inner\">\n\t\t\t\t<div class=\"elementor-element elementor-element-da542be elementor-widget elementor-widget-heading\" data-id=\"da542be\" data-element_type=\"widget\" data-e-type=\"widget\" data-widget_type=\"heading.default\">\n\t\t\t\t<div class=\"elementor-widget-container\">\n\t\t\t\t\t<h2 class=\"elementor-heading-title elementor-size-default\">Compromesos amb la Innovaci\u00f3<br> i l&#039;Excel\u00b7l\u00e8ncia en Solucions Tecnol\u00f2giques<\/h2>\t\t\t\t<\/div>\n\t\t\t\t<\/div>\n\t\t\t\t<div class=\"elementor-element elementor-element-894bfea elementor-widget elementor-widget-text-editor\" data-id=\"894bfea\" data-element_type=\"widget\" data-e-type=\"widget\" data-widget_type=\"text-editor.default\">\n\t\t\t\t<div class=\"elementor-widget-container\">\n\t\t\t\t\t\t\t\t\t<p><span style=\"font-weight: 400;\">A <\/span><b>PDG Consultant<\/b><span style=\"font-weight: 400;\">, ens dediquem a proporcionar solucions tecnol\u00f2giques avan\u00e7ades que impulsen l&#039;\u00e8xit i la transformaci\u00f3 dels nostres clients. Amb anys d&#039;experi\u00e8ncia a la ind\u00fastria, el nostre enfocament abasta des de la consultoria IT i la serialitzaci\u00f3 farmac\u00e8utica fins a una \u00e0mplia gamma de serveis dissenyats per optimitzar l&#039;efici\u00e8ncia i la seguretat dels processos empresarials.<\/span><\/p>\t\t\t\t\t\t\t\t<\/div>\n\t\t\t\t<\/div>\n\t\t\t\t\t<\/div>\n\t\t\t\t<\/div>\n\t\t\t\t\t<\/div>\n\t\t\t\t<\/div>\n\t\t<div class=\"elementor-element elementor-element-ddf4804 e-flex e-con-boxed e-con e-parent\" data-id=\"ddf4804\" data-element_type=\"container\" data-e-type=\"container\">\n\t\t\t\t\t<div class=\"e-con-inner\">\n\t\t<div class=\"elementor-element elementor-element-12b2ca9 e-con-full e-flex e-con e-child\" data-id=\"12b2ca9\" data-element_type=\"container\" data-e-type=\"container\">\n\t\t\t\t<\/div>\n\t\t<div class=\"elementor-element elementor-element-1f5591a e-con-full e-flex e-con e-child\" data-id=\"1f5591a\" data-element_type=\"container\" data-e-type=\"container\">\n\t\t\t\t<div class=\"elementor-element elementor-element-269258d elementor-view-default elementor-widget elementor-widget-icon\" data-id=\"269258d\" data-element_type=\"widget\" data-e-type=\"widget\" data-widget_type=\"icon.default\">\n\t\t\t\t<div class=\"elementor-widget-container\">\n\t\t\t\t\t\t\t<div class=\"elementor-icon-wrapper\">\n\t\t\t<div class=\"elementor-icon\">\n\t\t\t<svg aria-hidden=\"true\" class=\"e-font-icon-svg e-fas-dot-circle\" viewbox=\"0 0 512 512\" xmlns=\"http:\/\/www.w3.org\/2000\/svg\"><path d=\"M256 8C119.033 8 8 119.033 8 256s111.033 248 248 248 248-111.033 248-248S392.967 8 256 8zm80 248c0 44.112-35.888 80-80 80s-80-35.888-80-80 35.888-80 80-80 80 35.888 80 80z\"><\/path><\/svg>\t\t\t<\/div>\n\t\t<\/div>\n\t\t\t\t\t\t<\/div>\n\t\t\t\t<\/div>\n\t\t\t\t<div class=\"elementor-element elementor-element-faa13c0 elementor-widget__width-initial elementor-widget elementor-widget-heading\" data-id=\"faa13c0\" data-element_type=\"widget\" data-e-type=\"widget\" data-widget_type=\"heading.default\">\n\t\t\t\t<div class=\"elementor-widget-container\">\n\t\t\t\t\t<h2 class=\"elementor-heading-title elementor-size-default\">La nostra Missi\u00f3<\/h2>\t\t\t\t<\/div>\n\t\t\t\t<\/div>\n\t\t\t\t<div class=\"elementor-element elementor-element-e4a3f27 elementor-widget elementor-widget-text-editor\" data-id=\"e4a3f27\" data-element_type=\"widget\" data-e-type=\"widget\" data-widget_type=\"text-editor.default\">\n\t\t\t\t<div class=\"elementor-widget-container\">\n\t\t\t\t\t\t\t\t\t<p><span style=\"font-weight: 400;\">La nostra missi\u00f3 \u00e9s empoderar les empreses a trav\u00e9s de solucions tecnol\u00f2giques innovadores que millorin l&#039;efici\u00e8ncia operativa, la productivitat i la rendibilitat. Ens esforcem per oferir un servei excepcional i crear valor sostenible pels nostres clients.<\/span><\/p>\t\t\t\t\t\t\t\t<\/div>\n\t\t\t\t<\/div>\n\t\t\t\t<div class=\"elementor-element elementor-element-5e875da elementor-view-default elementor-widget elementor-widget-icon\" data-id=\"5e875da\" data-element_type=\"widget\" data-e-type=\"widget\" data-widget_type=\"icon.default\">\n\t\t\t\t<div class=\"elementor-widget-container\">\n\t\t\t\t\t\t\t<div class=\"elementor-icon-wrapper\">\n\t\t\t<div class=\"elementor-icon\">\n\t\t\t<svg aria-hidden=\"true\" class=\"e-font-icon-svg e-fas-dot-circle\" viewbox=\"0 0 512 512\" xmlns=\"http:\/\/www.w3.org\/2000\/svg\"><path d=\"M256 8C119.033 8 8 119.033 8 256s111.033 248 248 248 248-111.033 248-248S392.967 8 256 8zm80 248c0 44.112-35.888 80-80 80s-80-35.888-80-80 35.888-80 80-80 80 35.888 80 80z\"><\/path><\/svg>\t\t\t<\/div>\n\t\t<\/div>\n\t\t\t\t\t\t<\/div>\n\t\t\t\t<\/div>\n\t\t\t\t<div class=\"elementor-element elementor-element-eca062c elementor-widget__width-initial elementor-widget elementor-widget-heading\" data-id=\"eca062c\" data-element_type=\"widget\" data-e-type=\"widget\" data-widget_type=\"heading.default\">\n\t\t\t\t<div class=\"elementor-widget-container\">\n\t\t\t\t\t<h2 class=\"elementor-heading-title elementor-size-default\">La nostra Visi\u00f3<\/h2>\t\t\t\t<\/div>\n\t\t\t\t<\/div>\n\t\t\t\t<div class=\"elementor-element elementor-element-12628b7 elementor-widget__width-initial elementor-widget elementor-widget-text-editor\" data-id=\"12628b7\" data-element_type=\"widget\" data-e-type=\"widget\" data-widget_type=\"text-editor.default\">\n\t\t\t\t<div class=\"elementor-widget-container\">\n\t\t\t\t\t\t\t\t\t<p><span style=\"font-weight: 400;\">Ser l\u00edders al sector de la tecnologia, reconeguts per la nostra capacitat per oferir solucions a mesura que s&#039;adapten a les necessitats espec\u00edfiques de cada client. Aspirem a ser socis estrat\u00e8gics de les nostres empreses, ajudant-les a assolir els seus objectius a trav\u00e9s de la tecnologia.<\/span><\/p>\t\t\t\t\t\t\t\t<\/div>\n\t\t\t\t<\/div>\n\t\t\t\t<div class=\"elementor-element elementor-element-3eef6f4 elementor-view-default elementor-widget elementor-widget-icon\" data-id=\"3eef6f4\" data-element_type=\"widget\" data-e-type=\"widget\" data-widget_type=\"icon.default\">\n\t\t\t\t<div class=\"elementor-widget-container\">\n\t\t\t\t\t\t\t<div class=\"elementor-icon-wrapper\">\n\t\t\t<div class=\"elementor-icon\">\n\t\t\t<svg aria-hidden=\"true\" class=\"e-font-icon-svg e-fas-dot-circle\" viewbox=\"0 0 512 512\" xmlns=\"http:\/\/www.w3.org\/2000\/svg\"><path d=\"M256 8C119.033 8 8 119.033 8 256s111.033 248 248 248 248-111.033 248-248S392.967 8 256 8zm80 248c0 44.112-35.888 80-80 80s-80-35.888-80-80 35.888-80 80-80 80 35.888 80 80z\"><\/path><\/svg>\t\t\t<\/div>\n\t\t<\/div>\n\t\t\t\t\t\t<\/div>\n\t\t\t\t<\/div>\n\t\t\t\t<div class=\"elementor-element elementor-element-072caf5 elementor-widget__width-initial elementor-widget elementor-widget-heading\" data-id=\"072caf5\" data-element_type=\"widget\" data-e-type=\"widget\" data-widget_type=\"heading.default\">\n\t\t\t\t<div class=\"elementor-widget-container\">\n\t\t\t\t\t<h2 class=\"elementor-heading-title elementor-size-default\">Els nostres valors<\/h2>\t\t\t\t<\/div>\n\t\t\t\t<\/div>\n\t\t\t\t<div class=\"elementor-element elementor-element-324dafd elementor-widget elementor-widget-text-editor\" data-id=\"324dafd\" data-element_type=\"widget\" data-e-type=\"widget\" data-widget_type=\"text-editor.default\">\n\t\t\t\t<div class=\"elementor-widget-container\">\n\t\t\t\t\t\t\t\t\t<p><b>Innovaci\u00f3:<\/b><span style=\"font-weight: 400;\"> Busquem constantment noves maneres de millorar i oferir solucions avantguardistes.<\/span><\/p><p><b>Excel\u00b7l\u00e8ncia:<\/b><span style=\"font-weight: 400;\"> Ens comprometem a proporcionar serveis de la m\u00e9s alta qualitat.<\/span><\/p><p><b>Integritat:<\/b><span style=\"font-weight: 400;\"> Operem amb transpar\u00e8ncia i \u00e8tica en totes les nostres relacions.<\/span><\/p><p><b>Col\u00b7laboraci\u00f3:<\/b><span style=\"font-weight: 400;\"> Treballem amb estreta col\u00b7laboraci\u00f3 amb els nostres clients per assegurar l&#039;\u00e8xit compartit.<\/span><\/p>\t\t\t\t\t\t\t\t<\/div>\n\t\t\t\t<\/div>\n\t\t\t\t<div class=\"elementor-element elementor-element-657d4ec elementor-view-default elementor-widget elementor-widget-icon\" data-id=\"657d4ec\" data-element_type=\"widget\" data-e-type=\"widget\" data-widget_type=\"icon.default\">\n\t\t\t\t<div class=\"elementor-widget-container\">\n\t\t\t\t\t\t\t<div class=\"elementor-icon-wrapper\">\n\t\t\t<div class=\"elementor-icon\">\n\t\t\t<svg aria-hidden=\"true\" class=\"e-font-icon-svg e-fas-dot-circle\" viewbox=\"0 0 512 512\" xmlns=\"http:\/\/www.w3.org\/2000\/svg\"><path d=\"M256 8C119.033 8 8 119.033 8 256s111.033 248 248 248 248-111.033 248-248S392.967 8 256 8zm80 248c0 44.112-35.888 80-80 80s-80-35.888-80-80 35.888-80 80-80 80 35.888 80 80z\"><\/path><\/svg>\t\t\t<\/div>\n\t\t<\/div>\n\t\t\t\t\t\t<\/div>\n\t\t\t\t<\/div>\n\t\t\t\t<div class=\"elementor-element elementor-element-ea8874f elementor-widget__width-initial elementor-widget elementor-widget-heading\" data-id=\"ea8874f\" data-element_type=\"widget\" data-e-type=\"widget\" data-widget_type=\"heading.default\">\n\t\t\t\t<div class=\"elementor-widget-container\">\n\t\t\t\t\t<h2 class=\"elementor-heading-title elementor-size-default\">El nostre Equip<\/h2>\t\t\t\t<\/div>\n\t\t\t\t<\/div>\n\t\t\t\t<div class=\"elementor-element elementor-element-4d5418d elementor-widget__width-initial elementor-widget elementor-widget-text-editor\" data-id=\"4d5418d\" data-element_type=\"widget\" data-e-type=\"widget\" data-widget_type=\"text-editor.default\">\n\t\t\t\t<div class=\"elementor-widget-container\">\n\t\t\t\t\t\t\t\t\t<p><span style=\"font-weight: 400;\">Comptem amb un equip de professionals altament capacitats i apassionats per la tecnologia. La nostra experi\u00e8ncia i coneixement ens permeten abordar els reptes m\u00e9s complexos i oferir solucions efectives i sostenibles.<\/span><\/p><p><span style=\"font-weight: 400;\">A PDG Consultant, som aqu\u00ed per acompanyar la vostra empresa en cada pas del cam\u00ed cap a la transformaci\u00f3 digital. Contacti&#039;ns i descobreixi com podem ajudar-lo a assolir els seus objectius tecnol\u00f2gics!<\/span><\/p>\t\t\t\t\t\t\t\t<\/div>\n\t\t\t\t<\/div>\n\t\t\t\t<\/div>\n\t\t\t\t\t<\/div>\n\t\t\t\t<\/div>\n\t\t\t\t<\/div>","protected":false},"excerpt":{"rendered":"<p>Sobre nosotros Comprometidos con la Innovaci\u00f3n y la Excelencia en Soluciones Tecnol\u00f3gicas En PDG Consultant, nos dedicamos a proporcionar soluciones tecnol\u00f3gicas avanzadas que impulsan el \u00e9xito y la transformaci\u00f3n de nuestros clientes. Con a\u00f1os de experiencia en la industria, nuestro enfoque abarca desde la consultor\u00eda IT y la serializaci\u00f3n farmac\u00e9utica hasta una amplia gama de [&hellip;]<\/p>\n","protected":false},"author":4,"featured_media":0,"parent":0,"menu_order":0,"comment_status":"closed","ping_status":"closed","template":"","meta":{"footnotes":""},"class_list":["post-363","page","type-page","status-publish","hentry"],"yoast_head":"<!-- This site is optimized with the Yoast SEO plugin v27.5 - https:\/\/yoast.com\/product\/yoast-seo-wordpress\/ -->\n<title>Sobre nosotros - PDG Consultant<\/title>\n<meta name=\"robots\" content=\"index, follow, max-snippet:-1, max-image-preview:large, max-video-preview:-1\" \/>\n<link rel=\"canonical\" href=\"https:\/\/pdgconsultant.com\/ca\/quienes-somos\/\" \/>\n<meta property=\"og:locale\" content=\"ca_ES\" \/>\n<meta property=\"og:type\" content=\"article\" \/>\n<meta property=\"og:title\" content=\"Sobre nosotros - PDG Consultant\" \/>\n<meta property=\"og:description\" content=\"Sobre nosotros Comprometidos con la Innovaci\u00f3n y la Excelencia en Soluciones Tecnol\u00f3gicas En PDG Consultant, nos dedicamos a proporcionar soluciones tecnol\u00f3gicas avanzadas que impulsan el \u00e9xito y la transformaci\u00f3n de nuestros clientes. Con a\u00f1os de experiencia en la industria, nuestro enfoque abarca desde la consultor\u00eda IT y la serializaci\u00f3n farmac\u00e9utica hasta una amplia gama de [&hellip;]\" \/>\n<meta property=\"og:url\" content=\"https:\/\/pdgconsultant.com\/ca\/quienes-somos\/\" \/>\n<meta property=\"og:site_name\" content=\"PGD Consultant\" \/>\n<meta property=\"article:modified_time\" content=\"2024-11-12T09:08:00+00:00\" \/>\n<meta name=\"twitter:card\" content=\"summary_large_image\" \/>\n<meta name=\"twitter:label1\" content=\"Temps estimat de lectura\" \/>\n\t<meta name=\"twitter:data1\" content=\"2 minuts\" \/>\n<script type=\"application\/ld+json\" class=\"yoast-schema-graph\">{\"@context\":\"https:\\\/\\\/schema.org\",\"@graph\":[{\"@type\":\"WebPage\",\"@id\":\"https:\\\/\\\/pdgconsultant.com\\\/quienes-somos\\\/\",\"url\":\"https:\\\/\\\/pdgconsultant.com\\\/quienes-somos\\\/\",\"name\":\"Sobre nosotros - PDG Consultant\",\"isPartOf\":{\"@id\":\"https:\\\/\\\/pdgconsultant.com\\\/#website\"},\"datePublished\":\"2024-06-19T07:09:08+00:00\",\"dateModified\":\"2024-11-12T09:08:00+00:00\",\"breadcrumb\":{\"@id\":\"https:\\\/\\\/pdgconsultant.com\\\/quienes-somos\\\/#breadcrumb\"},\"inLanguage\":\"ca\",\"potentialAction\":[{\"@type\":\"ReadAction\",\"target\":[\"https:\\\/\\\/pdgconsultant.com\\\/quienes-somos\\\/\"]}]},{\"@type\":\"BreadcrumbList\",\"@id\":\"https:\\\/\\\/pdgconsultant.com\\\/quienes-somos\\\/#breadcrumb\",\"itemListElement\":[{\"@type\":\"ListItem\",\"position\":1,\"name\":\"Home\",\"item\":\"https:\\\/\\\/pdgconsultant.com\\\/\"},{\"@type\":\"ListItem\",\"position\":2,\"name\":\"Qui\u00e9nes somos\"}]},{\"@type\":\"WebSite\",\"@id\":\"https:\\\/\\\/pdgconsultant.com\\\/#website\",\"url\":\"https:\\\/\\\/pdgconsultant.com\\\/\",\"name\":\"PGD Consultant\",\"description\":\"\",\"publisher\":{\"@id\":\"https:\\\/\\\/pdgconsultant.com\\\/#organization\"},\"potentialAction\":[{\"@type\":\"SearchAction\",\"target\":{\"@type\":\"EntryPoint\",\"urlTemplate\":\"https:\\\/\\\/pdgconsultant.com\\\/?s={search_term_string}\"},\"query-input\":{\"@type\":\"PropertyValueSpecification\",\"valueRequired\":true,\"valueName\":\"search_term_string\"}}],\"inLanguage\":\"ca\"},{\"@type\":\"Organization\",\"@id\":\"https:\\\/\\\/pdgconsultant.com\\\/#organization\",\"name\":\"PGD Consultant\",\"url\":\"https:\\\/\\\/pdgconsultant.com\\\/\",\"logo\":{\"@type\":\"ImageObject\",\"inLanguage\":\"ca\",\"@id\":\"https:\\\/\\\/pdgconsultant.com\\\/#\\\/schema\\\/logo\\\/image\\\/\",\"url\":\"https:\\\/\\\/pdgconsultant.com\\\/wp-content\\\/uploads\\\/2024\\\/06\\\/Screenshot-2024-06-13-10.59.24.png\",\"contentUrl\":\"https:\\\/\\\/pdgconsultant.com\\\/wp-content\\\/uploads\\\/2024\\\/06\\\/Screenshot-2024-06-13-10.59.24.png\",\"width\":671,\"height\":560,\"caption\":\"PGD Consultant\"},\"image\":{\"@id\":\"https:\\\/\\\/pdgconsultant.com\\\/#\\\/schema\\\/logo\\\/image\\\/\"}}]}<\/script>\n<!-- \/ Yoast SEO plugin. -->","yoast_head_json":{"title":"Sobre nosaltres - PDG Consultant","robots":{"index":"index","follow":"follow","max-snippet":"max-snippet:-1","max-image-preview":"max-image-preview:large","max-video-preview":"max-video-preview:-1"},"canonical":"https:\/\/pdgconsultant.com\/ca\/quienes-somos\/","og_locale":"ca_ES","og_type":"article","og_title":"Sobre nosotros - PDG Consultant","og_description":"Sobre nosotros Comprometidos con la Innovaci\u00f3n y la Excelencia en Soluciones Tecnol\u00f3gicas En PDG Consultant, nos dedicamos a proporcionar soluciones tecnol\u00f3gicas avanzadas que impulsan el \u00e9xito y la transformaci\u00f3n de nuestros clientes. Con a\u00f1os de experiencia en la industria, nuestro enfoque abarca desde la consultor\u00eda IT y la serializaci\u00f3n farmac\u00e9utica hasta una amplia gama de [&hellip;]","og_url":"https:\/\/pdgconsultant.com\/ca\/quienes-somos\/","og_site_name":"PGD Consultant","article_modified_time":"2024-11-12T09:08:00+00:00","twitter_card":"summary_large_image","twitter_misc":{"Temps estimat de lectura":"2 minuts"},"schema":{"@context":"https:\/\/schema.org","@graph":[{"@type":"WebPage","@id":"https:\/\/pdgconsultant.com\/quienes-somos\/","url":"https:\/\/pdgconsultant.com\/quienes-somos\/","name":"Sobre nosaltres - PDG Consultant","isPartOf":{"@id":"https:\/\/pdgconsultant.com\/#website"},"datePublished":"2024-06-19T07:09:08+00:00","dateModified":"2024-11-12T09:08:00+00:00","breadcrumb":{"@id":"https:\/\/pdgconsultant.com\/quienes-somos\/#breadcrumb"},"inLanguage":"ca","potentialAction":[{"@type":"ReadAction","target":["https:\/\/pdgconsultant.com\/quienes-somos\/"]}]},{"@type":"BreadcrumbList","@id":"https:\/\/pdgconsultant.com\/quienes-somos\/#breadcrumb","itemListElement":[{"@type":"ListItem","position":1,"name":"Home","item":"https:\/\/pdgconsultant.com\/"},{"@type":"ListItem","position":2,"name":"Qui\u00e9nes somos"}]},{"@type":"WebSite","@id":"https:\/\/pdgconsultant.com\/#website","url":"https:\/\/pdgconsultant.com\/","name":"PGD Consultant","description":"","publisher":{"@id":"https:\/\/pdgconsultant.com\/#organization"},"potentialAction":[{"@type":"SearchAction","target":{"@type":"EntryPoint","urlTemplate":"https:\/\/pdgconsultant.com\/?s={search_term_string}"},"query-input":{"@type":"PropertyValueSpecification","valueRequired":true,"valueName":"search_term_string"}}],"inLanguage":"ca"},{"@type":"Organization","@id":"https:\/\/pdgconsultant.com\/#organization","name":"PGD Consultant","url":"https:\/\/pdgconsultant.com\/","logo":{"@type":"ImageObject","inLanguage":"ca","@id":"https:\/\/pdgconsultant.com\/#\/schema\/logo\/image\/","url":"https:\/\/pdgconsultant.com\/wp-content\/uploads\/2024\/06\/Screenshot-2024-06-13-10.59.24.png","contentUrl":"https:\/\/pdgconsultant.com\/wp-content\/uploads\/2024\/06\/Screenshot-2024-06-13-10.59.24.png","width":671,"height":560,"caption":"PGD Consultant"},"image":{"@id":"https:\/\/pdgconsultant.com\/#\/schema\/logo\/image\/"}}]}},"_links":{"self":[{"href":"https:\/\/pdgconsultant.com\/ca\/wp-json\/wp\/v2\/pages\/363","targetHints":{"allow":["GET"]}}],"collection":[{"href":"https:\/\/pdgconsultant.com\/ca\/wp-json\/wp\/v2\/pages"}],"about":[{"href":"https:\/\/pdgconsultant.com\/ca\/wp-json\/wp\/v2\/types\/page"}],"author":[{"embeddable":true,"href":"https:\/\/pdgconsultant.com\/ca\/wp-json\/wp\/v2\/users\/4"}],"replies":[{"embeddable":true,"href":"https:\/\/pdgconsultant.com\/ca\/wp-json\/wp\/v2\/comments?post=363"}],"version-history":[{"count":43,"href":"https:\/\/pdgconsultant.com\/ca\/wp-json\/wp\/v2\/pages\/363\/revisions"}],"predecessor-version":[{"id":857,"href":"https:\/\/pdgconsultant.com\/ca\/wp-json\/wp\/v2\/pages\/363\/revisions\/857"}],"wp:attachment":[{"href":"https:\/\/pdgconsultant.com\/ca\/wp-json\/wp\/v2\/media?parent=363"}],"curies":[{"name":"wp","href":"https:\/\/api.w.org\/{rel}","templated":true}]}}