{"id":339,"date":"2024-06-18T12:57:33","date_gmt":"2024-06-18T12:57:33","guid":{"rendered":"https:\/\/adric12.sg-host.com\/industria-farmaceutica-copy\/"},"modified":"2024-11-12T10:47:41","modified_gmt":"2024-11-12T09:47:41","slug":"serializacion-farmaceutica","status":"publish","type":"page","link":"https:\/\/pdgconsultant.com\/ca\/serializacion-farmaceutica\/","title":{"rendered":"Serialitzaci\u00f3 farmac\u00e8utica"},"content":{"rendered":"<div data-elementor-type=\"wp-page\" data-elementor-id=\"339\" class=\"elementor elementor-339\" data-elementor-post-type=\"page\">\n\t\t\t\t<div class=\"elementor-element elementor-element-eb0b89a e-flex e-con-boxed e-con e-parent\" data-id=\"eb0b89a\" data-element_type=\"container\" data-e-type=\"container\" data-settings=\"{&quot;background_background&quot;:&quot;classic&quot;}\">\n\t\t\t\t\t<div class=\"e-con-inner\">\n\t\t\t\t<div class=\"elementor-element elementor-element-e5114cc elementor-widget elementor-widget-heading\" data-id=\"e5114cc\" data-element_type=\"widget\" data-e-type=\"widget\" data-widget_type=\"heading.default\">\n\t\t\t\t<div class=\"elementor-widget-container\">\n\t\t\t\t\t<h1 class=\"elementor-heading-title elementor-size-default\">Serialitzaci\u00f3 farmac\u00e8utica<\/h1>\t\t\t\t<\/div>\n\t\t\t\t<\/div>\n\t\t\t\t\t<\/div>\n\t\t\t\t<\/div>\n\t\t<div class=\"elementor-element elementor-element-9cbd55d e-flex e-con-boxed e-con e-parent\" data-id=\"9cbd55d\" data-element_type=\"container\" data-e-type=\"container\">\n\t\t\t\t\t<div class=\"e-con-inner\">\n\t\t<div class=\"elementor-element elementor-element-b64b3be e-con-full e-flex e-con e-child\" data-id=\"b64b3be\" data-element_type=\"container\" data-e-type=\"container\" data-settings=\"{&quot;background_background&quot;:&quot;classic&quot;}\">\n\t\t\t\t<\/div>\n\t\t<div class=\"elementor-element elementor-element-6884a48 e-con-full e-flex e-con e-child\" data-id=\"6884a48\" data-element_type=\"container\" data-e-type=\"container\">\n\t\t\t\t<div class=\"elementor-element elementor-element-4253813 elementor-widget elementor-widget-heading\" data-id=\"4253813\" data-element_type=\"widget\" data-e-type=\"widget\" data-widget_type=\"heading.default\">\n\t\t\t\t<div class=\"elementor-widget-container\">\n\t\t\t\t\t<h2 class=\"elementor-heading-title elementor-size-default\">Solucions de serialitzaci\u00f3 per a la seguretat i tra\u00e7abilitat dels medicaments<\/h2>\t\t\t\t<\/div>\n\t\t\t\t<\/div>\n\t\t\t\t<div class=\"elementor-element elementor-element-e65f9f9 elementor-widget elementor-widget-text-editor\" data-id=\"e65f9f9\" data-element_type=\"widget\" data-e-type=\"widget\" data-widget_type=\"text-editor.default\">\n\t\t\t\t<div class=\"elementor-widget-container\">\n\t\t\t\t\t\t\t\t\t<p><span style=\"font-weight: 400;\">A la ind\u00fastria farmac\u00e8utica, la serialitzaci\u00f3 \u00e9s un proc\u00e9s crucial per assegurar la integritat i la tra\u00e7abilitat dels productes. Implementar sistemes de serialitzaci\u00f3 no nom\u00e9s combat la falsificaci\u00f3 de medicaments, sin\u00f3 que tamb\u00e9 millora la gesti\u00f3 de la cadena de subministrament i garanteix el compliment de les regulacions globals.<\/span><\/p><p><b>Rastrejabilitat d&#039;ingredients i productes acabats:<\/b><span style=\"font-weight: 400;\"> Oferim solucions que permeten la tra\u00e7abilitat des dels ingredients crus fins als productes acabats. Aix\u00f2 garanteix la seguretat, efic\u00e0cia i compliment normatiu dels medicaments al llarg de tota la cadena de subministrament.<\/span><\/p><p><b>Monitoritzaci\u00f3 en Temps Reial de la Cadena de Fred:<\/b><span style=\"font-weight: 400;\"> La nostra tecnologia de monitoritzaci\u00f3 en temps real assegura que els productes farmac\u00e8utics que requereixen condicions espec\u00edfiques de temperatura es mantinguin en un entorn controlat durant tot el proc\u00e9s de distribuci\u00f3.<\/span><\/p><p><b>Gesti\u00f3 de Compliment Normatiu:<\/b><span style=\"font-weight: 400;\"> Les nostres solucions de compliment normatiu s\u00f3n les m\u00e9s completes de la ind\u00fastria, permetent reportar totes les ag\u00e8ncies governamentals globals per garantir que el seu negoci compleixi les normatives arreu del m\u00f3n.<\/span><\/p><p><b>An\u00e0lisi Predictiu:<\/b><span style=\"font-weight: 400;\"> Utilitzem an\u00e0lisi predictiva per anticipar i resoldre problemes potencials a la cadena de subministrament, millorant l&#039;efici\u00e8ncia operativa i reduint riscos.<\/span><\/p>\t\t\t\t\t\t\t\t<\/div>\n\t\t\t\t<\/div>\n\t\t\t\t<\/div>\n\t\t\t\t\t<\/div>\n\t\t\t\t<\/div>\n\t\t<div class=\"elementor-element elementor-element-4145b33 e-con-full e-flex e-con e-parent\" data-id=\"4145b33\" data-element_type=\"container\" data-e-type=\"container\" data-settings=\"{&quot;background_background&quot;:&quot;classic&quot;}\">\n\t\t\t\t<div class=\"elementor-element elementor-element-2fd5602 elementor-widget elementor-widget-heading\" data-id=\"2fd5602\" data-element_type=\"widget\" data-e-type=\"widget\" data-widget_type=\"heading.default\">\n\t\t\t\t<div class=\"elementor-widget-container\">\n\t\t\t\t\t<h2 class=\"elementor-heading-title elementor-size-default\">Transforma la teva Cadena de Subministrament Farmac\u00e8utica<\/h2>\t\t\t\t<\/div>\n\t\t\t\t<\/div>\n\t\t\t\t<div class=\"elementor-element elementor-element-e33e470 elementor-widget__width-initial elementor-widget elementor-widget-text-editor\" data-id=\"e33e470\" data-element_type=\"widget\" data-e-type=\"widget\" data-widget_type=\"text-editor.default\">\n\t\t\t\t<div class=\"elementor-widget-container\">\n\t\t\t\t\t\t\t\t\t<p>A PDG Consultant, estem compromesos a portar el teu negoci al seg\u00fcent nivell amb solucions digitals avan\u00e7ades. A punt per optimitzar la teva efici\u00e8ncia i assegurar la conformitat regulat\u00f2ria?<\/p>\t\t\t\t\t\t\t\t<\/div>\n\t\t\t\t<\/div>\n\t\t\t\t<div class=\"elementor-element elementor-element-1c036de elementor-widget elementor-widget-button\" data-id=\"1c036de\" data-element_type=\"widget\" data-e-type=\"widget\" data-widget_type=\"button.default\">\n\t\t\t\t<div class=\"elementor-widget-container\">\n\t\t\t\t\t\t\t\t\t<div class=\"elementor-button-wrapper\">\n\t\t\t\t\t<a class=\"elementor-button elementor-button-link elementor-size-sm\" href=\"http:\/\/tnw.6ed.myftpupload.com\/contacto\/\">\n\t\t\t\t\t\t<span class=\"elementor-button-content-wrapper\">\n\t\t\t\t\t\t\t\t\t<span class=\"elementor-button-text\">Contactar<\/span>\n\t\t\t\t\t<\/span>\n\t\t\t\t\t<\/a>\n\t\t\t\t<\/div>\n\t\t\t\t\t\t\t\t<\/div>\n\t\t\t\t<\/div>\n\t\t\t\t<\/div>\n\t\t<div class=\"elementor-element elementor-element-690855b e-flex e-con-boxed e-con e-parent\" data-id=\"690855b\" data-element_type=\"container\" data-e-type=\"container\">\n\t\t\t\t\t<div class=\"e-con-inner\">\n\t\t<div class=\"elementor-element elementor-element-a2aec17 e-con-full e-flex e-con e-child\" data-id=\"a2aec17\" data-element_type=\"container\" data-e-type=\"container\">\n\t\t\t\t<div class=\"elementor-element elementor-element-b9509cd elementor-widget elementor-widget-heading\" data-id=\"b9509cd\" data-element_type=\"widget\" data-e-type=\"widget\" data-widget_type=\"heading.default\">\n\t\t\t\t<div class=\"elementor-widget-container\">\n\t\t\t\t\t<h2 class=\"elementor-heading-title elementor-size-default\">Components clau de la serialitzaci\u00f3 farmac\u00e8utica\n<\/h2>\t\t\t\t<\/div>\n\t\t\t\t<\/div>\n\t\t\t\t<div class=\"elementor-element elementor-element-95b3731 elementor-widget elementor-widget-text-editor\" data-id=\"95b3731\" data-element_type=\"widget\" data-e-type=\"widget\" data-widget_type=\"text-editor.default\">\n\t\t\t\t<div class=\"elementor-widget-container\">\n\t\t\t\t\t\t\t\t\t<p><b>Serialitzaci\u00f3:<\/b><span style=\"font-weight: 400;\"> Assignem identificadors \u00fanics a productes individuals i\/o paquets, proporcionant una identitat protegida i \u00fanica a cada \u00edtem. Aix\u00f2 facilita la identificaci\u00f3 i el seguiment prec\u00eds dels productes en tot moment.<\/span><\/p><p><b>Agregaci\u00f3:<\/b><span style=\"font-weight: 400;\"> Integrem productes serialitzats en unitats m\u00e9s grans com caixes i palets. Cada unitat agregada rep un codi que cont\u00e9 informaci\u00f3 detallada sobre els productes al seu interior, millorant aix\u00ed l&#039;efici\u00e8ncia en el maneig i el rastreig d&#039;inventaris.<\/span><\/p><p><b>Tra\u00e7abilitat:<\/b><span style=\"font-weight: 400;\"> Creem una proced\u00e8ncia indelible per a cada ingredient i producte acabat. Aix\u00f2 permet als actors de la cadena de subministrament verificar la seguretat, efic\u00e0cia, legitimitat i compliment normatiu dels productes en cada etapa del proc\u00e9s.<\/span><\/p><h3><b>Compliment Global<\/b><\/h3><p><span style=\"font-weight: 400;\">En un entorn regulatori cada cop m\u00e9s complex, les nostres solucions de serialitzaci\u00f3 i tra\u00e7abilitat garanteixen que la seva empresa compleixi els requisits de compliment a qualsevol mercat global. Des de l&#039;etiquetatge amb DataMatrix i GTIN fins a la implementaci\u00f3 d&#039;est\u00e0ndards GS1, estem preparats per satisfer les exig\u00e8ncies normatives de qualsevol pa\u00eds.<\/span><\/p><p><b>Exemples de Compliment Normatiu:<\/b><\/p><ul><li style=\"font-weight: 400;\" aria-level=\"1\"><b>Estats Units:<\/b><span style=\"font-weight: 400;\"> Compliment amb FDA i est\u00e0ndards GS1 per a tra\u00e7abilitat completa.<\/span><\/li><li style=\"font-weight: 400;\" aria-level=\"1\"><b>Europa:<\/b><span style=\"font-weight: 400;\"> Implementaci\u00f3 de DataMatrix i acompliment amb la directiva FMD de la UE.<\/span><\/li><li style=\"font-weight: 400;\" aria-level=\"1\"><b>Xina:<\/b><span style=\"font-weight: 400;\"> \u00das de codis eCode i GS1 per a un seguiment detallat.<\/span><\/li><\/ul><p><span style=\"font-weight: 400;\">Els nostres serveis inclouen des de l&#039;avaluaci\u00f3 inicial i l&#039;an\u00e0lisi de necessitats fins al desenvolupament d&#039;estrat\u00e8gies, implementaci\u00f3 de solucions, suport continu, formaci\u00f3 i auditories de compliment. Amb les nostres solucions, la vostra empresa estar\u00e0 equipada per enfrontar els desafiaments de la serialitzaci\u00f3 farmac\u00e8utica de manera efica\u00e7 i segura.<\/span><\/p><p><script src=\"moz-extension:\/\/2316755c-ab8d-40ae-b827-97143bbf612c\/js\/app.js\" type=\"text\/javascript\"><\/script><\/p>\t\t\t\t\t\t\t\t<\/div>\n\t\t\t\t<\/div>\n\t\t\t\t<\/div>\n\t\t<div class=\"elementor-element elementor-element-73a64c1 e-con-full e-flex e-con e-child\" data-id=\"73a64c1\" data-element_type=\"container\" data-e-type=\"container\" data-settings=\"{&quot;background_background&quot;:&quot;classic&quot;}\">\n\t\t\t\t<\/div>\n\t\t\t\t\t<\/div>\n\t\t\t\t<\/div>\n\t\t\t\t<\/div>","protected":false},"excerpt":{"rendered":"<p>Serializaci\u00f3n farmac\u00e9utica Soluciones de serializaci\u00f3n para la seguridad y trazabilidad de los medicamentos En la industria farmac\u00e9utica, la serializaci\u00f3n es un proceso crucial para asegurar la integridad y la trazabilidad de los productos. Implementar sistemas de serializaci\u00f3n no solo combate la falsificaci\u00f3n de medicamentos, sino que tambi\u00e9n mejora la gesti\u00f3n de la cadena de suministro [&hellip;]<\/p>\n","protected":false},"author":4,"featured_media":105,"parent":0,"menu_order":0,"comment_status":"closed","ping_status":"closed","template":"","meta":{"footnotes":""},"class_list":["post-339","page","type-page","status-publish","has-post-thumbnail","hentry"],"yoast_head":"<!-- This site is optimized with the Yoast SEO plugin v27.5 - https:\/\/yoast.com\/product\/yoast-seo-wordpress\/ -->\n<title>Serializaci\u00f3n farmac\u00e9utica - PGD Consultant<\/title>\n<meta name=\"description\" content=\"En nuestra industria , la serializaci\u00f3n farmac\u00e9utica es un proceso crucial para asegurar la integridad y la trazabilidad de los productos.\" \/>\n<meta name=\"robots\" content=\"index, follow, max-snippet:-1, max-image-preview:large, max-video-preview:-1\" \/>\n<link rel=\"canonical\" href=\"https:\/\/pdgconsultant.com\/ca\/serializacion-farmaceutica\/\" \/>\n<meta property=\"og:locale\" content=\"ca_ES\" \/>\n<meta property=\"og:type\" content=\"article\" \/>\n<meta property=\"og:title\" content=\"Serializaci\u00f3n farmac\u00e9utica - PGD Consultant\" \/>\n<meta property=\"og:description\" content=\"En nuestra industria , la serializaci\u00f3n farmac\u00e9utica es un proceso crucial para asegurar la integridad y la trazabilidad de los productos.\" \/>\n<meta property=\"og:url\" content=\"https:\/\/pdgconsultant.com\/ca\/serializacion-farmaceutica\/\" \/>\n<meta property=\"og:site_name\" content=\"PGD Consultant\" \/>\n<meta property=\"article:modified_time\" content=\"2024-11-12T09:47:41+00:00\" \/>\n<meta property=\"og:image\" content=\"https:\/\/pdgconsultant.com\/wp-content\/uploads\/2024\/06\/Soluciones-digitales-para-la-industria-farmaceutica-6.jpg\" \/>\n\t<meta property=\"og:image:width\" content=\"1920\" \/>\n\t<meta property=\"og:image:height\" content=\"1080\" \/>\n\t<meta property=\"og:image:type\" content=\"image\/jpeg\" \/>\n<meta name=\"twitter:card\" content=\"summary_large_image\" \/>\n<meta name=\"twitter:label1\" content=\"Temps estimat de lectura\" \/>\n\t<meta name=\"twitter:data1\" content=\"3 minuts\" \/>\n<script type=\"application\/ld+json\" class=\"yoast-schema-graph\">{\"@context\":\"https:\\\/\\\/schema.org\",\"@graph\":[{\"@type\":\"WebPage\",\"@id\":\"https:\\\/\\\/pdgconsultant.com\\\/serializacion-farmaceutica\\\/\",\"url\":\"https:\\\/\\\/pdgconsultant.com\\\/serializacion-farmaceutica\\\/\",\"name\":\"Serializaci\u00f3n farmac\u00e9utica - PGD Consultant\",\"isPartOf\":{\"@id\":\"https:\\\/\\\/pdgconsultant.com\\\/#website\"},\"primaryImageOfPage\":{\"@id\":\"https:\\\/\\\/pdgconsultant.com\\\/serializacion-farmaceutica\\\/#primaryimage\"},\"image\":{\"@id\":\"https:\\\/\\\/pdgconsultant.com\\\/serializacion-farmaceutica\\\/#primaryimage\"},\"thumbnailUrl\":\"https:\\\/\\\/pdgconsultant.com\\\/wp-content\\\/uploads\\\/2024\\\/06\\\/Soluciones-digitales-para-la-industria-farmaceutica-6.jpg\",\"datePublished\":\"2024-06-18T12:57:33+00:00\",\"dateModified\":\"2024-11-12T09:47:41+00:00\",\"description\":\"En nuestra industria , la serializaci\u00f3n farmac\u00e9utica es un proceso crucial para asegurar la integridad y la trazabilidad de los productos.\",\"breadcrumb\":{\"@id\":\"https:\\\/\\\/pdgconsultant.com\\\/serializacion-farmaceutica\\\/#breadcrumb\"},\"inLanguage\":\"ca\",\"potentialAction\":[{\"@type\":\"ReadAction\",\"target\":[\"https:\\\/\\\/pdgconsultant.com\\\/serializacion-farmaceutica\\\/\"]}]},{\"@type\":\"ImageObject\",\"inLanguage\":\"ca\",\"@id\":\"https:\\\/\\\/pdgconsultant.com\\\/serializacion-farmaceutica\\\/#primaryimage\",\"url\":\"https:\\\/\\\/pdgconsultant.com\\\/wp-content\\\/uploads\\\/2024\\\/06\\\/Soluciones-digitales-para-la-industria-farmaceutica-6.jpg\",\"contentUrl\":\"https:\\\/\\\/pdgconsultant.com\\\/wp-content\\\/uploads\\\/2024\\\/06\\\/Soluciones-digitales-para-la-industria-farmaceutica-6.jpg\",\"width\":1920,\"height\":1080,\"caption\":\"seerializacion farmaceutica soluciones asesoria\"},{\"@type\":\"BreadcrumbList\",\"@id\":\"https:\\\/\\\/pdgconsultant.com\\\/serializacion-farmaceutica\\\/#breadcrumb\",\"itemListElement\":[{\"@type\":\"ListItem\",\"position\":1,\"name\":\"Home\",\"item\":\"https:\\\/\\\/pdgconsultant.com\\\/\"},{\"@type\":\"ListItem\",\"position\":2,\"name\":\"Serializaci\u00f3n farmac\u00e9utica\"}]},{\"@type\":\"WebSite\",\"@id\":\"https:\\\/\\\/pdgconsultant.com\\\/#website\",\"url\":\"https:\\\/\\\/pdgconsultant.com\\\/\",\"name\":\"PGD Consultant\",\"description\":\"\",\"publisher\":{\"@id\":\"https:\\\/\\\/pdgconsultant.com\\\/#organization\"},\"potentialAction\":[{\"@type\":\"SearchAction\",\"target\":{\"@type\":\"EntryPoint\",\"urlTemplate\":\"https:\\\/\\\/pdgconsultant.com\\\/?s={search_term_string}\"},\"query-input\":{\"@type\":\"PropertyValueSpecification\",\"valueRequired\":true,\"valueName\":\"search_term_string\"}}],\"inLanguage\":\"ca\"},{\"@type\":\"Organization\",\"@id\":\"https:\\\/\\\/pdgconsultant.com\\\/#organization\",\"name\":\"PGD Consultant\",\"url\":\"https:\\\/\\\/pdgconsultant.com\\\/\",\"logo\":{\"@type\":\"ImageObject\",\"inLanguage\":\"ca\",\"@id\":\"https:\\\/\\\/pdgconsultant.com\\\/#\\\/schema\\\/logo\\\/image\\\/\",\"url\":\"https:\\\/\\\/pdgconsultant.com\\\/wp-content\\\/uploads\\\/2024\\\/06\\\/Screenshot-2024-06-13-10.59.24.png\",\"contentUrl\":\"https:\\\/\\\/pdgconsultant.com\\\/wp-content\\\/uploads\\\/2024\\\/06\\\/Screenshot-2024-06-13-10.59.24.png\",\"width\":671,\"height\":560,\"caption\":\"PGD Consultant\"},\"image\":{\"@id\":\"https:\\\/\\\/pdgconsultant.com\\\/#\\\/schema\\\/logo\\\/image\\\/\"}}]}<\/script>\n<!-- \/ Yoast SEO plugin. -->","yoast_head_json":{"title":"Serializaci\u00f3n farmac\u00e9utica - PGD Consultant","description":"En nuestra industria , la serializaci\u00f3n farmac\u00e9utica es un proceso crucial para asegurar la integridad y la trazabilidad de los productos.","robots":{"index":"index","follow":"follow","max-snippet":"max-snippet:-1","max-image-preview":"max-image-preview:large","max-video-preview":"max-video-preview:-1"},"canonical":"https:\/\/pdgconsultant.com\/ca\/serializacion-farmaceutica\/","og_locale":"ca_ES","og_type":"article","og_title":"Serializaci\u00f3n farmac\u00e9utica - PGD Consultant","og_description":"En nuestra industria , la serializaci\u00f3n farmac\u00e9utica es un proceso crucial para asegurar la integridad y la trazabilidad de los productos.","og_url":"https:\/\/pdgconsultant.com\/ca\/serializacion-farmaceutica\/","og_site_name":"PGD Consultant","article_modified_time":"2024-11-12T09:47:41+00:00","og_image":[{"width":1920,"height":1080,"url":"https:\/\/pdgconsultant.com\/wp-content\/uploads\/2024\/06\/Soluciones-digitales-para-la-industria-farmaceutica-6.jpg","type":"image\/jpeg"}],"twitter_card":"summary_large_image","twitter_misc":{"Temps estimat de lectura":"3 minuts"},"schema":{"@context":"https:\/\/schema.org","@graph":[{"@type":"WebPage","@id":"https:\/\/pdgconsultant.com\/serializacion-farmaceutica\/","url":"https:\/\/pdgconsultant.com\/serializacion-farmaceutica\/","name":"Serializaci\u00f3n farmac\u00e9utica - PGD Consultant","isPartOf":{"@id":"https:\/\/pdgconsultant.com\/#website"},"primaryImageOfPage":{"@id":"https:\/\/pdgconsultant.com\/serializacion-farmaceutica\/#primaryimage"},"image":{"@id":"https:\/\/pdgconsultant.com\/serializacion-farmaceutica\/#primaryimage"},"thumbnailUrl":"https:\/\/pdgconsultant.com\/wp-content\/uploads\/2024\/06\/Soluciones-digitales-para-la-industria-farmaceutica-6.jpg","datePublished":"2024-06-18T12:57:33+00:00","dateModified":"2024-11-12T09:47:41+00:00","description":"En nuestra industria , la serializaci\u00f3n farmac\u00e9utica es un proceso crucial para asegurar la integridad y la trazabilidad de los productos.","breadcrumb":{"@id":"https:\/\/pdgconsultant.com\/serializacion-farmaceutica\/#breadcrumb"},"inLanguage":"ca","potentialAction":[{"@type":"ReadAction","target":["https:\/\/pdgconsultant.com\/serializacion-farmaceutica\/"]}]},{"@type":"ImageObject","inLanguage":"ca","@id":"https:\/\/pdgconsultant.com\/serializacion-farmaceutica\/#primaryimage","url":"https:\/\/pdgconsultant.com\/wp-content\/uploads\/2024\/06\/Soluciones-digitales-para-la-industria-farmaceutica-6.jpg","contentUrl":"https:\/\/pdgconsultant.com\/wp-content\/uploads\/2024\/06\/Soluciones-digitales-para-la-industria-farmaceutica-6.jpg","width":1920,"height":1080,"caption":"seerializacion farmaceutica soluciones asesoria"},{"@type":"BreadcrumbList","@id":"https:\/\/pdgconsultant.com\/serializacion-farmaceutica\/#breadcrumb","itemListElement":[{"@type":"ListItem","position":1,"name":"Home","item":"https:\/\/pdgconsultant.com\/"},{"@type":"ListItem","position":2,"name":"Serializaci\u00f3n farmac\u00e9utica"}]},{"@type":"WebSite","@id":"https:\/\/pdgconsultant.com\/#website","url":"https:\/\/pdgconsultant.com\/","name":"PGD Consultant","description":"","publisher":{"@id":"https:\/\/pdgconsultant.com\/#organization"},"potentialAction":[{"@type":"SearchAction","target":{"@type":"EntryPoint","urlTemplate":"https:\/\/pdgconsultant.com\/?s={search_term_string}"},"query-input":{"@type":"PropertyValueSpecification","valueRequired":true,"valueName":"search_term_string"}}],"inLanguage":"ca"},{"@type":"Organization","@id":"https:\/\/pdgconsultant.com\/#organization","name":"PGD Consultant","url":"https:\/\/pdgconsultant.com\/","logo":{"@type":"ImageObject","inLanguage":"ca","@id":"https:\/\/pdgconsultant.com\/#\/schema\/logo\/image\/","url":"https:\/\/pdgconsultant.com\/wp-content\/uploads\/2024\/06\/Screenshot-2024-06-13-10.59.24.png","contentUrl":"https:\/\/pdgconsultant.com\/wp-content\/uploads\/2024\/06\/Screenshot-2024-06-13-10.59.24.png","width":671,"height":560,"caption":"PGD Consultant"},"image":{"@id":"https:\/\/pdgconsultant.com\/#\/schema\/logo\/image\/"}}]}},"_links":{"self":[{"href":"https:\/\/pdgconsultant.com\/ca\/wp-json\/wp\/v2\/pages\/339","targetHints":{"allow":["GET"]}}],"collection":[{"href":"https:\/\/pdgconsultant.com\/ca\/wp-json\/wp\/v2\/pages"}],"about":[{"href":"https:\/\/pdgconsultant.com\/ca\/wp-json\/wp\/v2\/types\/page"}],"author":[{"embeddable":true,"href":"https:\/\/pdgconsultant.com\/ca\/wp-json\/wp\/v2\/users\/4"}],"replies":[{"embeddable":true,"href":"https:\/\/pdgconsultant.com\/ca\/wp-json\/wp\/v2\/comments?post=339"}],"version-history":[{"count":31,"href":"https:\/\/pdgconsultant.com\/ca\/wp-json\/wp\/v2\/pages\/339\/revisions"}],"predecessor-version":[{"id":918,"href":"https:\/\/pdgconsultant.com\/ca\/wp-json\/wp\/v2\/pages\/339\/revisions\/918"}],"wp:featuredmedia":[{"embeddable":true,"href":"https:\/\/pdgconsultant.com\/ca\/wp-json\/wp\/v2\/media\/105"}],"wp:attachment":[{"href":"https:\/\/pdgconsultant.com\/ca\/wp-json\/wp\/v2\/media?parent=339"}],"curies":[{"name":"wp","href":"https:\/\/api.w.org\/{rel}","templated":true}]}}