{"id":12,"date":"2024-06-12T15:38:58","date_gmt":"2024-06-12T15:38:58","guid":{"rendered":"https:\/\/pdgconsultant.com\/?page_id=12"},"modified":"2024-11-12T10:01:38","modified_gmt":"2024-11-12T09:01:38","slug":"contacto","status":"publish","type":"page","link":"https:\/\/pdgconsultant.com\/ca\/contacto\/","title":{"rendered":"Contacte"},"content":{"rendered":"\t\t<div data-elementor-type=\"wp-page\" data-elementor-id=\"12\" class=\"elementor elementor-12\" data-elementor-post-type=\"page\">\n\t\t\t\t<div class=\"elementor-element elementor-element-5601222 e-flex e-con-boxed e-con e-parent\" data-id=\"5601222\" data-element_type=\"container\" data-e-type=\"container\" data-settings=\"{&quot;background_background&quot;:&quot;classic&quot;}\">\n\t\t\t\t\t<div class=\"e-con-inner\">\n\t\t\t\t<div class=\"elementor-element elementor-element-71b830a elementor-widget elementor-widget-heading\" data-id=\"71b830a\" data-element_type=\"widget\" data-e-type=\"widget\" data-widget_type=\"heading.default\">\n\t\t\t\t<div class=\"elementor-widget-container\">\n\t\t\t\t\t<h1 class=\"elementor-heading-title elementor-size-default\">Contacto\n<\/h1>\t\t\t\t<\/div>\n\t\t\t\t<\/div>\n\t\t\t\t\t<\/div>\n\t\t\t\t<\/div>\n\t\t<div class=\"elementor-element elementor-element-a958ff9 e-flex e-con-boxed e-con e-parent\" data-id=\"a958ff9\" data-element_type=\"container\" data-e-type=\"container\">\n\t\t\t\t\t<div class=\"e-con-inner\">\n\t\t<div class=\"elementor-element elementor-element-ac1abeb e-con-full e-flex e-con e-child\" data-id=\"ac1abeb\" data-element_type=\"container\" data-e-type=\"container\">\n\t\t\t\t<div class=\"elementor-element elementor-element-f34f921 elementor-widget elementor-widget-heading\" data-id=\"f34f921\" data-element_type=\"widget\" data-e-type=\"widget\" data-widget_type=\"heading.default\">\n\t\t\t\t<div class=\"elementor-widget-container\">\n\t\t\t\t\t<h2 class=\"elementor-heading-title elementor-size-default\">Contacta con nosotros<\/h2>\t\t\t\t<\/div>\n\t\t\t\t<\/div>\n\t\t\t\t<div class=\"elementor-element elementor-element-13fb068 elementor-widget__width-initial elementor-widget elementor-widget-text-editor\" data-id=\"13fb068\" data-element_type=\"widget\" data-e-type=\"widget\" data-widget_type=\"text-editor.default\">\n\t\t\t\t<div class=\"elementor-widget-container\">\n\t\t\t\t\t\t\t\t\t<p>En PDG Consultant, estamos aqu\u00ed para ayudarte a alcanzar tus objetivos tecnol\u00f3gicos. Cont\u00e1ctanos hoy para obtener m\u00e1s informaci\u00f3n sobre nuestras soluciones de consultor\u00eda IT y c\u00f3mo podemos impulsar la innovaci\u00f3n en tu negocio. \u00a1Esperamos tu mensaje!<\/p>\t\t\t\t\t\t\t\t<\/div>\n\t\t\t\t<\/div>\n\t\t\t\t<div class=\"elementor-element elementor-element-c522f65 elementor-icon-list--layout-traditional elementor-list-item-link-full_width elementor-widget elementor-widget-icon-list\" data-id=\"c522f65\" data-element_type=\"widget\" data-e-type=\"widget\" data-widget_type=\"icon-list.default\">\n\t\t\t\t<div class=\"elementor-widget-container\">\n\t\t\t\t\t\t\t<ul class=\"elementor-icon-list-items\">\n\t\t\t\t\t\t\t<li class=\"elementor-icon-list-item\">\n\t\t\t\t\t\t\t\t\t\t\t<a href=\"tel:+34671471517\" target=\"_blank\">\n\n\t\t\t\t\t\t\t\t\t\t\t\t<span class=\"elementor-icon-list-icon\">\n\t\t\t\t\t\t\t<svg aria-hidden=\"true\" class=\"e-font-icon-svg e-fas-phone-alt\" viewBox=\"0 0 512 512\" xmlns=\"http:\/\/www.w3.org\/2000\/svg\"><path d=\"M497.39 361.8l-112-48a24 24 0 0 0-28 6.9l-49.6 60.6A370.66 370.66 0 0 1 130.6 204.11l60.6-49.6a23.94 23.94 0 0 0 6.9-28l-48-112A24.16 24.16 0 0 0 122.6.61l-104 24A24 24 0 0 0 0 48c0 256.5 207.9 464 464 464a24 24 0 0 0 23.4-18.6l24-104a24.29 24.29 0 0 0-14.01-27.6z\"><\/path><\/svg>\t\t\t\t\t\t<\/span>\n\t\t\t\t\t\t\t\t\t\t<span class=\"elementor-icon-list-text\">+34 671 471 517<\/span>\n\t\t\t\t\t\t\t\t\t\t\t<\/a>\n\t\t\t\t\t\t\t\t\t<\/li>\n\t\t\t\t\t\t\t\t<li class=\"elementor-icon-list-item\">\n\t\t\t\t\t\t\t\t\t\t\t<a href=\"mailto:info@pdgconsultant.com\" target=\"_blank\">\n\n\t\t\t\t\t\t\t\t\t\t\t\t<span class=\"elementor-icon-list-icon\">\n\t\t\t\t\t\t\t<svg aria-hidden=\"true\" class=\"e-font-icon-svg e-fas-envelope\" viewBox=\"0 0 512 512\" xmlns=\"http:\/\/www.w3.org\/2000\/svg\"><path d=\"M502.3 190.8c3.9-3.1 9.7-.2 9.7 4.7V400c0 26.5-21.5 48-48 48H48c-26.5 0-48-21.5-48-48V195.6c0-5 5.7-7.8 9.7-4.7 22.4 17.4 52.1 39.5 154.1 113.6 21.1 15.4 56.7 47.8 92.2 47.6 35.7.3 72-32.8 92.3-47.6 102-74.1 131.6-96.3 154-113.7zM256 320c23.2.4 56.6-29.2 73.4-41.4 132.7-96.3 142.8-104.7 173.4-128.7 5.8-4.5 9.2-11.5 9.2-18.9v-19c0-26.5-21.5-48-48-48H48C21.5 64 0 85.5 0 112v19c0 7.4 3.4 14.3 9.2 18.9 30.6 23.9 40.7 32.4 173.4 128.7 16.8 12.2 50.2 41.8 73.4 41.4z\"><\/path><\/svg>\t\t\t\t\t\t<\/span>\n\t\t\t\t\t\t\t\t\t\t<span class=\"elementor-icon-list-text\">info@pdgconsultant.com<\/span>\n\t\t\t\t\t\t\t\t\t\t\t<\/a>\n\t\t\t\t\t\t\t\t\t<\/li>\n\t\t\t\t\t\t\t\t<li class=\"elementor-icon-list-item\">\n\t\t\t\t\t\t\t\t\t\t\t<span class=\"elementor-icon-list-icon\">\n\t\t\t\t\t\t\t<svg aria-hidden=\"true\" class=\"e-font-icon-svg e-fas-map-pin\" viewBox=\"0 0 288 512\" xmlns=\"http:\/\/www.w3.org\/2000\/svg\"><path d=\"M112 316.94v156.69l22.02 33.02c4.75 7.12 15.22 7.12 19.97 0L176 473.63V316.94c-10.39 1.92-21.06 3.06-32 3.06s-21.61-1.14-32-3.06zM144 0C64.47 0 0 64.47 0 144s64.47 144 144 144 144-64.47 144-144S223.53 0 144 0zm0 76c-37.5 0-68 30.5-68 68 0 6.62-5.38 12-12 12s-12-5.38-12-12c0-50.73 41.28-92 92-92 6.62 0 12 5.38 12 12s-5.38 12-12 12z\"><\/path><\/svg>\t\t\t\t\t\t<\/span>\n\t\t\t\t\t\t\t\t\t\t<span class=\"elementor-icon-list-text\">C\/ Milena Jesensk\u00e1, 26 | Sabadell, Barcelona<\/span>\n\t\t\t\t\t\t\t\t\t<\/li>\n\t\t\t\t\t\t<\/ul>\n\t\t\t\t\t\t<\/div>\n\t\t\t\t<\/div>\n\t\t\t\t<\/div>\n\t\t<div class=\"elementor-element elementor-element-6d69b6d e-con-full e-flex e-con e-child\" data-id=\"6d69b6d\" data-element_type=\"container\" data-e-type=\"container\">\n\t\t\t\t<div class=\"elementor-element elementor-element-2ce0094 elementor-button-align-stretch elementor-widget elementor-widget-global elementor-global-186 elementor-widget-form\" data-id=\"2ce0094\" data-element_type=\"widget\" data-e-type=\"widget\" data-settings=\"{&quot;step_next_label&quot;:&quot;Siguiente&quot;,&quot;step_previous_label&quot;:&quot;Anterior&quot;,&quot;button_width&quot;:&quot;100&quot;,&quot;step_type&quot;:&quot;number_text&quot;,&quot;step_icon_shape&quot;:&quot;circle&quot;}\" data-widget_type=\"form.default\">\n\t\t\t\t<div class=\"elementor-widget-container\">\n\t\t\t\t\t\t\t<form class=\"elementor-form\" method=\"post\" name=\"Formulario PDG\">\n\t\t\t<input type=\"hidden\" name=\"post_id\" value=\"12\"\/>\n\t\t\t<input type=\"hidden\" name=\"form_id\" value=\"2ce0094\"\/>\n\t\t\t<input type=\"hidden\" name=\"referer_title\" value=\"PGD Consultant\" \/>\n\n\t\t\t\n\t\t\t<div class=\"elementor-form-fields-wrapper elementor-labels-above\">\n\t\t\t\t\t\t\t\t<div class=\"elementor-field-type-text elementor-field-group elementor-column elementor-field-group-name elementor-col-50 elementor-field-required\">\n\t\t\t\t\t\t\t\t\t\t\t\t<label for=\"form-field-name\" class=\"elementor-field-label\">\n\t\t\t\t\t\t\t\tNombre\t\t\t\t\t\t\t<\/label>\n\t\t\t\t\t\t\t\t\t\t\t\t\t\t<input size=\"1\" type=\"text\" name=\"form_fields[name]\" id=\"form-field-name\" class=\"elementor-field elementor-size-sm  elementor-field-textual\" placeholder=\"Nombre\" required=\"required\" aria-required=\"true\">\n\t\t\t\t\t\t\t\t\t\t\t<\/div>\n\t\t\t\t\t\t\t\t<div class=\"elementor-field-type-text elementor-field-group elementor-column elementor-field-group-field_e5ca4fa elementor-col-50\">\n\t\t\t\t\t\t\t\t\t\t\t\t<label for=\"form-field-field_e5ca4fa\" class=\"elementor-field-label\">\n\t\t\t\t\t\t\t\tEmpresa\t\t\t\t\t\t\t<\/label>\n\t\t\t\t\t\t\t\t\t\t\t\t\t\t<input size=\"1\" type=\"text\" name=\"form_fields[field_e5ca4fa]\" id=\"form-field-field_e5ca4fa\" class=\"elementor-field elementor-size-sm  elementor-field-textual\" placeholder=\"Empresa\">\n\t\t\t\t\t\t\t\t\t\t\t<\/div>\n\t\t\t\t\t\t\t\t<div class=\"elementor-field-type-email elementor-field-group elementor-column elementor-field-group-email elementor-col-50 elementor-field-required\">\n\t\t\t\t\t\t\t\t\t\t\t\t<label for=\"form-field-email\" class=\"elementor-field-label\">\n\t\t\t\t\t\t\t\tCorreo electr\u00f3nico\t\t\t\t\t\t\t<\/label>\n\t\t\t\t\t\t\t\t\t\t\t\t\t\t<input size=\"1\" type=\"email\" name=\"form_fields[email]\" id=\"form-field-email\" class=\"elementor-field elementor-size-sm  elementor-field-textual\" placeholder=\"Correo electr\u00f3nico\" required=\"required\" aria-required=\"true\">\n\t\t\t\t\t\t\t\t\t\t\t<\/div>\n\t\t\t\t\t\t\t\t<div class=\"elementor-field-type-tel elementor-field-group elementor-column elementor-field-group-field_ead3de9 elementor-col-50 elementor-field-required\">\n\t\t\t\t\t\t\t\t\t\t\t\t<label for=\"form-field-field_ead3de9\" class=\"elementor-field-label\">\n\t\t\t\t\t\t\t\tTel\u00e9fono\t\t\t\t\t\t\t<\/label>\n\t\t\t\t\t\t\t\t<input size=\"1\" type=\"tel\" name=\"form_fields[field_ead3de9]\" id=\"form-field-field_ead3de9\" class=\"elementor-field elementor-size-sm  elementor-field-textual\" placeholder=\"Tel\u00e9fono\" required=\"required\" aria-required=\"true\" pattern=\"[0-9()#&amp;+*-=.]+\" title=\"Only numbers and phone characters (#, -, *, etc) are accepted.\">\n\n\t\t\t\t\t\t<\/div>\n\t\t\t\t\t\t\t\t<div class=\"elementor-field-type-select elementor-field-group elementor-column elementor-field-group-field_628f2ed elementor-col-100 elementor-field-required\">\n\t\t\t\t\t\t\t\t\t\t\t\t<label for=\"form-field-field_628f2ed\" class=\"elementor-field-label\">\n\t\t\t\t\t\t\t\tServicio interesado\t\t\t\t\t\t\t<\/label>\n\t\t\t\t\t\t\t\t<div class=\"elementor-field elementor-select-wrapper remove-before \">\n\t\t\t<div class=\"select-caret-down-wrapper\">\n\t\t\t\t<svg aria-hidden=\"true\" class=\"e-font-icon-svg e-eicon-caret-down\" viewBox=\"0 0 571.4 571.4\" xmlns=\"http:\/\/www.w3.org\/2000\/svg\"><path d=\"M571 393Q571 407 561 418L311 668Q300 679 286 679T261 668L11 418Q0 407 0 393T11 368 36 357H536Q550 357 561 368T571 393Z\"><\/path><\/svg>\t\t\t<\/div>\n\t\t\t<select name=\"form_fields[field_628f2ed]\" id=\"form-field-field_628f2ed\" class=\"elementor-field-textual elementor-size-sm\" required=\"required\" aria-required=\"true\">\n\t\t\t\t\t\t\t\t\t<option value=\"Consultor\u00eda IT\">Consultor\u00eda IT<\/option>\n\t\t\t\t\t\t\t\t\t<option value=\"Serializaci\u00f3n farmac\u00e9utica\">Serializaci\u00f3n farmac\u00e9utica<\/option>\n\t\t\t\t\t\t\t\t\t<option value=\"Industria Farmac\u00e9utica\">Industria Farmac\u00e9utica<\/option>\n\t\t\t\t\t\t\t\t\t<option value=\"Soluciones inform\u00e1ticas IT\">Soluciones inform\u00e1ticas IT<\/option>\n\t\t\t\t\t\t\t<\/select>\n\t\t<\/div>\n\t\t\t\t\t\t<\/div>\n\t\t\t\t\t\t\t\t<div class=\"elementor-field-type-textarea elementor-field-group elementor-column elementor-field-group-message elementor-col-100\">\n\t\t\t\t\t\t\t\t\t\t\t\t<label for=\"form-field-message\" class=\"elementor-field-label\">\n\t\t\t\t\t\t\t\tMensaje\t\t\t\t\t\t\t<\/label>\n\t\t\t\t\t\t<textarea class=\"elementor-field-textual elementor-field  elementor-size-sm\" name=\"form_fields[message]\" id=\"form-field-message\" rows=\"4\" placeholder=\"Mensaje\"><\/textarea>\t\t\t\t<\/div>\n\t\t\t\t\t\t\t\t<div class=\"elementor-field-type-acceptance elementor-field-group elementor-column elementor-field-group-field_93ae011 elementor-col-100 elementor-field-required\">\n\t\t\t\t\t\t\t<div class=\"elementor-field-subgroup\">\n\t\t\t<span class=\"elementor-field-option\">\n\t\t\t\t<input type=\"checkbox\" name=\"form_fields[field_93ae011]\" id=\"form-field-field_93ae011\" class=\"elementor-field elementor-size-sm  elementor-acceptance-field\" required=\"required\" aria-required=\"true\">\n\t\t\t\t<label for=\"form-field-field_93ae011\">Acepto la pol\u00edtica de privacidad y el env\u00edo de informaci\u00f3n.<\/label>\t\t\t<\/span>\n\t\t<\/div>\n\t\t\t\t\t\t<\/div>\n\t\t\t\t\t\t\t\t<div class=\"elementor-field-type-text\">\n\t\t\t\t\t<input size=\"1\" type=\"text\" name=\"form_fields[field_4dfb893]\" id=\"form-field-field_4dfb893\" class=\"elementor-field elementor-size-sm \" style=\"display:none !important;\">\t\t\t\t<\/div>\n\t\t\t\t\t\t\t\t<div class=\"elementor-field-type-recaptcha_v3 elementor-field-group elementor-column elementor-field-group-field_b8de8c5 elementor-col-100 recaptcha_v3-bottomleft\">\n\t\t\t\t\t<div class=\"elementor-field\" id=\"form-field-field_b8de8c5\"><div class=\"elementor-g-recaptcha\" data-sitekey=\"6LdXGjEqAAAAAGzQCw0yHoohUHbgWZWjNkKNRKtd\" data-type=\"v3\" data-action=\"Form\" data-badge=\"bottomleft\" data-size=\"invisible\"><\/div><\/div>\t\t\t\t<\/div>\n\t\t\t\t\t\t\t\t<div class=\"elementor-field-group elementor-column elementor-field-type-submit elementor-col-100 e-form__buttons\">\n\t\t\t\t\t<button class=\"elementor-button elementor-size-sm\" type=\"submit\">\n\t\t\t\t\t\t<span class=\"elementor-button-content-wrapper\">\n\t\t\t\t\t\t\t\t\t\t\t\t\t\t\t\t\t\t\t\t\t\t<span class=\"elementor-button-text\">Enviar<\/span>\n\t\t\t\t\t\t\t\t\t\t\t\t\t<\/span>\n\t\t\t\t\t<\/button>\n\t\t\t\t<\/div>\n\t\t\t<\/div>\n\t\t<\/form>\n\t\t\t\t\t\t<\/div>\n\t\t\t\t<\/div>\n\t\t\t\t<\/div>\n\t\t\t\t\t<\/div>\n\t\t\t\t<\/div>\n\t\t\t\t<\/div>\n\t\t","protected":false},"excerpt":{"rendered":"<p>Contacte Contacta amb nosaltres A PDG Consultant, som aqu\u00ed per ajudar-te a assolir els teus objectius tecnol\u00f2gics. Contacta&#039;ns avui per obtenir m\u00e9s informaci\u00f3 sobre les nostres solucions de consultoria IT i com podem impulsar la innovaci\u00f3 al teu negoci. Esperem el teu missatge! +34 671 471 517 info@pdgconsultant.com C\/ Milena Jesensk\u00e1, 26 | Sabadell, Barcelona<\/p>","protected":false},"author":1,"featured_media":853,"parent":0,"menu_order":0,"comment_status":"closed","ping_status":"closed","template":"","meta":{"footnotes":""},"class_list":["post-12","page","type-page","status-publish","has-post-thumbnail","hentry"],"yoast_head":"<!-- This site is optimized with the Yoast SEO plugin v27.5 - https:\/\/yoast.com\/product\/yoast-seo-wordpress\/ -->\n<title>Contacto - PGD Consultant<\/title>\n<meta name=\"description\" content=\"Contacta con PDG Consultant para obtener m\u00e1s informaci\u00f3n: +34 671 471 517 o en nuestro correo info@odgconsultant.com\" \/>\n<meta name=\"robots\" content=\"index, follow, max-snippet:-1, max-image-preview:large, max-video-preview:-1\" \/>\n<link rel=\"canonical\" href=\"https:\/\/pdgconsultant.com\/ca\/contacto\/\" \/>\n<meta property=\"og:locale\" content=\"ca_ES\" \/>\n<meta property=\"og:type\" content=\"article\" \/>\n<meta property=\"og:title\" content=\"Contacto - PGD Consultant\" \/>\n<meta property=\"og:description\" content=\"Contacta con PDG Consultant para obtener m\u00e1s informaci\u00f3n: +34 671 471 517 o en nuestro correo info@odgconsultant.com\" \/>\n<meta property=\"og:url\" content=\"https:\/\/pdgconsultant.com\/ca\/contacto\/\" \/>\n<meta property=\"og:site_name\" content=\"PGD Consultant\" \/>\n<meta property=\"article:modified_time\" content=\"2024-11-12T09:01:38+00:00\" \/>\n<meta property=\"og:image\" content=\"https:\/\/pdgconsultant.com\/wp-content\/uploads\/2024\/11\/consultoria-farmaceutica-serializacion-1.png\" \/>\n\t<meta property=\"og:image:width\" content=\"671\" \/>\n\t<meta property=\"og:image:height\" content=\"560\" \/>\n\t<meta property=\"og:image:type\" content=\"image\/png\" \/>\n<meta name=\"twitter:card\" content=\"summary_large_image\" \/>\n<meta name=\"twitter:label1\" content=\"Temps estimat de lectura\" \/>\n\t<meta name=\"twitter:data1\" content=\"1 minut\" \/>\n<script type=\"application\/ld+json\" class=\"yoast-schema-graph\">{\"@context\":\"https:\\\/\\\/schema.org\",\"@graph\":[{\"@type\":\"WebPage\",\"@id\":\"https:\\\/\\\/pdgconsultant.com\\\/contacto\\\/\",\"url\":\"https:\\\/\\\/pdgconsultant.com\\\/contacto\\\/\",\"name\":\"Contacto - PGD Consultant\",\"isPartOf\":{\"@id\":\"https:\\\/\\\/pdgconsultant.com\\\/#website\"},\"primaryImageOfPage\":{\"@id\":\"https:\\\/\\\/pdgconsultant.com\\\/contacto\\\/#primaryimage\"},\"image\":{\"@id\":\"https:\\\/\\\/pdgconsultant.com\\\/contacto\\\/#primaryimage\"},\"thumbnailUrl\":\"https:\\\/\\\/pdgconsultant.com\\\/wp-content\\\/uploads\\\/2024\\\/11\\\/consultoria-farmaceutica-serializacion-1.png\",\"datePublished\":\"2024-06-12T15:38:58+00:00\",\"dateModified\":\"2024-11-12T09:01:38+00:00\",\"description\":\"Contacta con PDG Consultant para obtener m\u00e1s informaci\u00f3n: +34 671 471 517 o en nuestro correo info@odgconsultant.com\",\"breadcrumb\":{\"@id\":\"https:\\\/\\\/pdgconsultant.com\\\/contacto\\\/#breadcrumb\"},\"inLanguage\":\"ca\",\"potentialAction\":[{\"@type\":\"ReadAction\",\"target\":[\"https:\\\/\\\/pdgconsultant.com\\\/contacto\\\/\"]}]},{\"@type\":\"ImageObject\",\"inLanguage\":\"ca\",\"@id\":\"https:\\\/\\\/pdgconsultant.com\\\/contacto\\\/#primaryimage\",\"url\":\"https:\\\/\\\/pdgconsultant.com\\\/wp-content\\\/uploads\\\/2024\\\/11\\\/consultoria-farmaceutica-serializacion-1.png\",\"contentUrl\":\"https:\\\/\\\/pdgconsultant.com\\\/wp-content\\\/uploads\\\/2024\\\/11\\\/consultoria-farmaceutica-serializacion-1.png\",\"width\":671,\"height\":560,\"caption\":\"contacto PDG\"},{\"@type\":\"BreadcrumbList\",\"@id\":\"https:\\\/\\\/pdgconsultant.com\\\/contacto\\\/#breadcrumb\",\"itemListElement\":[{\"@type\":\"ListItem\",\"position\":1,\"name\":\"Home\",\"item\":\"https:\\\/\\\/pdgconsultant.com\\\/\"},{\"@type\":\"ListItem\",\"position\":2,\"name\":\"Contacto\"}]},{\"@type\":\"WebSite\",\"@id\":\"https:\\\/\\\/pdgconsultant.com\\\/#website\",\"url\":\"https:\\\/\\\/pdgconsultant.com\\\/\",\"name\":\"PGD Consultant\",\"description\":\"\",\"publisher\":{\"@id\":\"https:\\\/\\\/pdgconsultant.com\\\/#organization\"},\"potentialAction\":[{\"@type\":\"SearchAction\",\"target\":{\"@type\":\"EntryPoint\",\"urlTemplate\":\"https:\\\/\\\/pdgconsultant.com\\\/?s={search_term_string}\"},\"query-input\":{\"@type\":\"PropertyValueSpecification\",\"valueRequired\":true,\"valueName\":\"search_term_string\"}}],\"inLanguage\":\"ca\"},{\"@type\":\"Organization\",\"@id\":\"https:\\\/\\\/pdgconsultant.com\\\/#organization\",\"name\":\"PGD Consultant\",\"url\":\"https:\\\/\\\/pdgconsultant.com\\\/\",\"logo\":{\"@type\":\"ImageObject\",\"inLanguage\":\"ca\",\"@id\":\"https:\\\/\\\/pdgconsultant.com\\\/#\\\/schema\\\/logo\\\/image\\\/\",\"url\":\"https:\\\/\\\/pdgconsultant.com\\\/wp-content\\\/uploads\\\/2024\\\/06\\\/Screenshot-2024-06-13-10.59.24.png\",\"contentUrl\":\"https:\\\/\\\/pdgconsultant.com\\\/wp-content\\\/uploads\\\/2024\\\/06\\\/Screenshot-2024-06-13-10.59.24.png\",\"width\":671,\"height\":560,\"caption\":\"PGD Consultant\"},\"image\":{\"@id\":\"https:\\\/\\\/pdgconsultant.com\\\/#\\\/schema\\\/logo\\\/image\\\/\"}}]}<\/script>\n<!-- \/ Yoast SEO plugin. -->","yoast_head_json":{"title":"Contacto - PGD Consultant","description":"Contacta con PDG Consultant para obtener m\u00e1s informaci\u00f3n: +34 671 471 517 o en nuestro correo info@odgconsultant.com","robots":{"index":"index","follow":"follow","max-snippet":"max-snippet:-1","max-image-preview":"max-image-preview:large","max-video-preview":"max-video-preview:-1"},"canonical":"https:\/\/pdgconsultant.com\/ca\/contacto\/","og_locale":"ca_ES","og_type":"article","og_title":"Contacto - PGD Consultant","og_description":"Contacta con PDG Consultant para obtener m\u00e1s informaci\u00f3n: +34 671 471 517 o en nuestro correo info@odgconsultant.com","og_url":"https:\/\/pdgconsultant.com\/ca\/contacto\/","og_site_name":"PGD Consultant","article_modified_time":"2024-11-12T09:01:38+00:00","og_image":[{"width":671,"height":560,"url":"https:\/\/pdgconsultant.com\/wp-content\/uploads\/2024\/11\/consultoria-farmaceutica-serializacion-1.png","type":"image\/png"}],"twitter_card":"summary_large_image","twitter_misc":{"Temps estimat de lectura":"1 minut"},"schema":{"@context":"https:\/\/schema.org","@graph":[{"@type":"WebPage","@id":"https:\/\/pdgconsultant.com\/contacto\/","url":"https:\/\/pdgconsultant.com\/contacto\/","name":"Contacto - PGD Consultant","isPartOf":{"@id":"https:\/\/pdgconsultant.com\/#website"},"primaryImageOfPage":{"@id":"https:\/\/pdgconsultant.com\/contacto\/#primaryimage"},"image":{"@id":"https:\/\/pdgconsultant.com\/contacto\/#primaryimage"},"thumbnailUrl":"https:\/\/pdgconsultant.com\/wp-content\/uploads\/2024\/11\/consultoria-farmaceutica-serializacion-1.png","datePublished":"2024-06-12T15:38:58+00:00","dateModified":"2024-11-12T09:01:38+00:00","description":"Contacta con PDG Consultant para obtener m\u00e1s informaci\u00f3n: +34 671 471 517 o en nuestro correo info@odgconsultant.com","breadcrumb":{"@id":"https:\/\/pdgconsultant.com\/contacto\/#breadcrumb"},"inLanguage":"ca","potentialAction":[{"@type":"ReadAction","target":["https:\/\/pdgconsultant.com\/contacto\/"]}]},{"@type":"ImageObject","inLanguage":"ca","@id":"https:\/\/pdgconsultant.com\/contacto\/#primaryimage","url":"https:\/\/pdgconsultant.com\/wp-content\/uploads\/2024\/11\/consultoria-farmaceutica-serializacion-1.png","contentUrl":"https:\/\/pdgconsultant.com\/wp-content\/uploads\/2024\/11\/consultoria-farmaceutica-serializacion-1.png","width":671,"height":560,"caption":"contacto PDG"},{"@type":"BreadcrumbList","@id":"https:\/\/pdgconsultant.com\/contacto\/#breadcrumb","itemListElement":[{"@type":"ListItem","position":1,"name":"Home","item":"https:\/\/pdgconsultant.com\/"},{"@type":"ListItem","position":2,"name":"Contacto"}]},{"@type":"WebSite","@id":"https:\/\/pdgconsultant.com\/#website","url":"https:\/\/pdgconsultant.com\/","name":"PGD Consultant","description":"","publisher":{"@id":"https:\/\/pdgconsultant.com\/#organization"},"potentialAction":[{"@type":"SearchAction","target":{"@type":"EntryPoint","urlTemplate":"https:\/\/pdgconsultant.com\/?s={search_term_string}"},"query-input":{"@type":"PropertyValueSpecification","valueRequired":true,"valueName":"search_term_string"}}],"inLanguage":"ca"},{"@type":"Organization","@id":"https:\/\/pdgconsultant.com\/#organization","name":"PGD Consultant","url":"https:\/\/pdgconsultant.com\/","logo":{"@type":"ImageObject","inLanguage":"ca","@id":"https:\/\/pdgconsultant.com\/#\/schema\/logo\/image\/","url":"https:\/\/pdgconsultant.com\/wp-content\/uploads\/2024\/06\/Screenshot-2024-06-13-10.59.24.png","contentUrl":"https:\/\/pdgconsultant.com\/wp-content\/uploads\/2024\/06\/Screenshot-2024-06-13-10.59.24.png","width":671,"height":560,"caption":"PGD Consultant"},"image":{"@id":"https:\/\/pdgconsultant.com\/#\/schema\/logo\/image\/"}}]}},"_links":{"self":[{"href":"https:\/\/pdgconsultant.com\/ca\/wp-json\/wp\/v2\/pages\/12","targetHints":{"allow":["GET"]}}],"collection":[{"href":"https:\/\/pdgconsultant.com\/ca\/wp-json\/wp\/v2\/pages"}],"about":[{"href":"https:\/\/pdgconsultant.com\/ca\/wp-json\/wp\/v2\/types\/page"}],"author":[{"embeddable":true,"href":"https:\/\/pdgconsultant.com\/ca\/wp-json\/wp\/v2\/users\/1"}],"replies":[{"embeddable":true,"href":"https:\/\/pdgconsultant.com\/ca\/wp-json\/wp\/v2\/comments?post=12"}],"version-history":[{"count":37,"href":"https:\/\/pdgconsultant.com\/ca\/wp-json\/wp\/v2\/pages\/12\/revisions"}],"predecessor-version":[{"id":799,"href":"https:\/\/pdgconsultant.com\/ca\/wp-json\/wp\/v2\/pages\/12\/revisions\/799"}],"wp:featuredmedia":[{"embeddable":true,"href":"https:\/\/pdgconsultant.com\/ca\/wp-json\/wp\/v2\/media\/853"}],"wp:attachment":[{"href":"https:\/\/pdgconsultant.com\/ca\/wp-json\/wp\/v2\/media?parent=12"}],"curies":[{"name":"wp","href":"https:\/\/api.w.org\/{rel}","templated":true}]}}